{"id":38,"date":"2022-01-17T16:20:53","date_gmt":"2022-01-17T16:20:53","guid":{"rendered":"https:\/\/dev-merck-ml.digitasproject.com\/at\/?page_id=38"},"modified":"2022-06-10T18:21:26","modified_gmt":"2022-06-10T16:21:26","slug":"home","status":"publish","type":"page","link":"https:\/\/dev-merck-ml.digitasproject.com\/at\/","title":{"rendered":"Home"},"content":{"rendered":"<section class=\"container-fluid banner\">\n      <section class=\"row\">\n       <section class=\"col-lg-6 left\">\n       <div style=\"fill:#fe369cff;\">\n         <svg viewBox=\"0 0 200 200\" xmlns=\"http:\/\/www.w3.org\/2000\/svg\">\n           <path d=\"M44.9,-78.5C57.9,-70.2,68.1,-57.7,75.5,-43.9C82.8,-30.1,87.3,-15.1,88.4,0.6C89.5,16.3,87.2,32.7,80.2,47C73.2,61.4,61.5,73.9,47.4,81.3C33.2,88.8,16.6,91.2,0.8,89.8C-15,88.4,-30,83.2,-44.2,75.8C-58.4,68.4,-71.7,58.7,-79.2,45.7C-86.8,32.7,-88.6,16.4,-88.4,0.1C-88.2,-16.1,-86,-32.2,-79.2,-46.6C-72.5,-61,-61.2,-73.7,-47.2,-81.5C-33.3,-89.2,-16.6,-92,-0.4,-91.4C15.9,-90.8,31.8,-86.8,44.9,-78.5Z\" transform=\"translate(100 100)\"><\/path>\n         <\/svg>\n       <\/div>\n       <img decoding=\"async\" class=\"img-fluid d-block mx-auto img_general\" src=\"https:\/\/dev-merck-ml.digitasproject.com\/at\/wp-content\/uploads\/sites\/34\/2022\/01\/symptom-checker-illustration-1.png\" alt=\"complete-our-short-symptom-checker-now-thyroid-image-front\">\n       <\/section>\n       <section class=\"col-lg-6 rigth\">\n         <p>Ihr habt eure <span style=\"color: #8416ae;\">Schilddr\u00fcse<\/span> im Verdacht?<\/p>\n\n         <p>Dann nutzt jetzt unseren Symptom-Checker und erfahrt mehr!<\/p>\n         <a href=\"https:\/\/dev-merck-ml.digitasproject.com\/at\/symptom-checker\/\">\n           <button id=\"home-event-quiz\" class=\"btn position-relative d-flex justify-content-center align-items-center\" type=\"submit\">\n             Jetzt testen\n           <\/button>\n         <\/a>\n       <\/section>\n     <\/section>\n    <\/section>\n\n\n\t\t\t<section class=\"container-fluid subbanner\" style=\"background-color:#8416AE;\">\n\t\t\t\t<section class=\"row\">\n\t\t\t\t\t<section class=\"col-12 offset-lg-2 col-lg-4 d-flex justify-content-center align-items-start flex-column\">\n\t\t\t\t\t\t<p class=\"text1\"><span style=\"color:#ffffff\">Die Schilddr\u00fcse<\/span><\/p>\n<p><\/p>\n<p class=\"text2\">ist ein schmetterlingsf\u00f6rmiges Organ und sitzt im unteren Halsabschnitt vor der Luftr\u00f6hre.<\/p>\n<p><\/p>\n\t\t\t\t\t\t\t\t\t\t\t\t<a class=\"btn position-relative btn1\" style=\"background-color:#FE369C ;color: #FFFFFF  ;\" href=\"en\/the-thyroid\/\">\n              Mehr erfahren\t\t\t\t\t\t\t<svg xmlns=\"http:\/\/www.w3.org\/2000\/svg\" viewBox=\"0 0 24 24\">\n\t\t\t\t\t\t\t  <g id=\"arrow\" transform=\"translate(-1150 -592)\">\n\t\t\t\t\t\t\t    <circle id=\"Ellipse_1\" data-name=\"Ellipse 1\" cx=\"12\" cy=\"12\" r=\"12\" transform=\"translate(1150 592)\" fill=\"#FFFFFF\"\/>\n\t\t\t\t\t\t\t    <g id=\"arrow-right\" transform=\"translate(11.5 -41.5)\">\n\t\t\t\t\t\t\t      <path id=\"Path_17\" data-name=\"Path 17\" d=\"M6.5.5l4,4-4,4\" transform=\"translate(1145 641)\" fill=\"none\" stroke=\"#FE369C\" stroke-linecap=\"round\" stroke-linejoin=\"round\" stroke-width=\"1\"\/>\n\t\t\t\t\t\t\t      <line id=\"Line_1\" data-name=\"Line 1\" x2=\"10\" transform=\"translate(1145.5 645.5)\" fill=\"none\" stroke=\"#FE369C\" stroke-linecap=\"round\" stroke-width=\"1\"\/>\n\t\t\t\t\t\t\t    <\/g>\n\t\t\t\t\t\t\t  <\/g>\n\t\t\t\t\t\t\t<\/svg>\n\t\t\t\t\t\t<\/a>\n\t\t\t\t\t\t<a class=\"btn position-relative btn2\" style=\"background-color:#FFFFFF ;color: #FE369C  ;\" href=\"en\/the-thyroid\/\">\n\t\t\t\t\t\t\tMehr erfahren\t\t\t\t\t\t\t<svg xmlns=\"http:\/\/www.w3.org\/2000\/svg\" viewBox=\"0 0 24 24\">\n\t\t\t\t\t\t\t\t<g id=\"arrow\" transform=\"translate(-1150 -592)\">\n\t\t\t\t\t\t\t\t\t<circle id=\"Ellipse_1\" data-name=\"Ellipse 1\" cx=\"12\" cy=\"12\" r=\"12\" transform=\"translate(1150 592)\" fill=\"#FE369C\"\/>\n\t\t\t\t\t\t\t\t\t<g id=\"arrow-right\" transform=\"translate(11.5 -41.5)\">\n\t\t\t\t\t\t\t\t\t\t<path id=\"Path_17\" data-name=\"Path 17\" d=\"M6.5.5l4,4-4,4\" transform=\"translate(1145 641)\" fill=\"none\" stroke=\"#FFFFFF\" stroke-linecap=\"round\" stroke-linejoin=\"round\" stroke-width=\"1\"\/>\n\t\t\t\t\t\t\t\t\t\t<line id=\"Line_1\" data-name=\"Line 1\" x2=\"10\" transform=\"translate(1145.5 645.5)\" fill=\"none\" stroke=\"#FFFFFF\" stroke-linecap=\"round\" stroke-width=\"1\"\/>\n\t\t\t\t\t\t\t\t\t<\/g>\n\t\t\t\t\t\t\t\t<\/g>\n\t\t\t\t\t\t\t<\/svg>\n\t\t\t\t\t\t<\/a>\n\t\t\t\t\t<\/section>\n\t\t\t\t\t<section class=\"col-12 col-lg-6 d-flex justify-content-start align-items-center\">\n\t\t\t\t\t\t<img loading=\"lazy\" decoding=\"async\" class=\"img-fluid d-block rigth-image\" src=\"https:\/\/dev-merck-ml.digitasproject.com\/at\/wp-content\/uploads\/sites\/34\/2022\/01\/the-thyroid-illustration.png\" alt=\"banner pleca home thyroid\" width=\"621\" height=\"420\">\n\t\t\t\t\t<\/section>\n\t\t\t\t<\/section>\n\t\t\t<\/section>\n\n\n        <section class=\"container-fluid sentence\">\n          <section class=\"row\">\n            <section class=\"col-12 d-flex justify-content-center align-items-center flex-column\">\n              <section class=\"d-flex justify-content-center align-items-center flex-column white-box\">\n                <span><\/span>\n                <p class=\"text1\">\u201cAls Vorsitzender der Internationalen Schilddr\u00fcsenvereinigung (TFI) m\u00f6chte ich Sie dazu ermutigen, aufmerksam in Betracht zu ziehen, ob Sie oder Bekannte von Ihnen an einer Schilddr\u00fcsenerkrankung leiden k\u00f6nnten. Wenn Sie dies f\u00fcr m\u00f6glich halten, suchen Sie Ihren Arzt auf und bitten Sie um einen einfachen Bluttest. In den H\u00e4nden von \u00c4rzten lassen sich Schilddr\u00fcsenerkrankungen gut in den Griff kriegen.\u201d<\/p>\n                <p class=\"text2\">\u2014 Ashok Bhaseen, Pr\u00e4sident der Thyroid Federation International<\/p>\n              <\/section>\n            <\/section>\n          <\/section>\n        <\/section>\n\n\n      <section class=\"container-fluid piedepagina\">\n        <section class=\"row\">\n          <section class=\"col-12\">\n            <p class=\"text1\">AT-NONE-00147<br>&nbsp;<span>02\/2022<\/span><\/p> \n          <\/section>\n        <\/section>\n      <\/section>\n","protected":false},"excerpt":{"rendered":"","protected":false},"author":1,"featured_media":0,"parent":0,"menu_order":0,"comment_status":"closed","ping_status":"closed","template":"","meta":{"footnotes":""},"class_list":["post-38","page","type-page","status-publish","hentry"],"yoast_head":"<!-- This site is optimized with the Yoast SEO plugin v25.1 - https:\/\/yoast.com\/wordpress\/plugins\/seo\/ -->\n<title>Home - Thyroid AT<\/title>\n<meta name=\"description\" content=\"Die Schilddr\u00fcse ist ein kleines Organ mit gro\u00dfer Wirkung. Welche Auswirkungen ein Ungleichgewicht der Hormone haben kann, erfahrt ihr hier!\" \/>\n<meta name=\"robots\" content=\"index, follow, max-snippet:-1, max-image-preview:large, max-video-preview:-1\" \/>\n<link rel=\"canonical\" href=\"https:\/\/dev-merck-ml.digitasproject.com\/at\/\" \/>\n<meta property=\"og:locale\" content=\"de_DE\" \/>\n<meta property=\"og:type\" content=\"article\" \/>\n<meta property=\"og:title\" content=\"Eure Schilddr\u00fcse 365 Tage im Fokus\" \/>\n<meta property=\"og:description\" content=\"Welche Auswirkungen dieses kleine Organ auf euren K\u00f6rper haben kann, erfahrt ihr hier!\" \/>\n<meta property=\"og:url\" content=\"https:\/\/dev-merck-ml.digitasproject.com\/at\/\" \/>\n<meta property=\"og:site_name\" content=\"Thyroid AT\" \/>\n<meta property=\"article:modified_time\" content=\"2022-06-10T16:21:26+00:00\" \/>\n<meta property=\"og:image\" content=\"https:\/\/dev-merck-ml.digitasproject.com\/at\/wp-content\/uploads\/sites\/34\/2022\/01\/symptom-checker-illustration-1.png\" \/>\n\t<meta property=\"og:image:width\" content=\"1024\" \/>\n\t<meta property=\"og:image:height\" content=\"789\" \/>\n\t<meta property=\"og:image:type\" content=\"image\/png\" \/>\n<meta name=\"twitter:card\" content=\"summary_large_image\" \/>\n<meta name=\"twitter:title\" content=\"Eure Schilddr\u00fcse 365 Tage im Fokus\" \/>\n<meta name=\"twitter:description\" content=\"Welche Auswirkungen dieses kleine Organ auf euren K\u00f6rper haben kann, erfahrt ihr hier!\" \/>\n<meta name=\"twitter:image\" content=\"https:\/\/dev-merck-ml.digitasproject.com\/at\/wp-content\/uploads\/sites\/34\/2022\/01\/symptom-checker-illustration-1.png\" \/>\n<meta name=\"twitter:label1\" content=\"Gesch\u00e4tzte Lesezeit\" \/>\n\t<meta name=\"twitter:data1\" content=\"1\u00a0Minute\" \/>\n<script type=\"application\/ld+json\" class=\"yoast-schema-graph\">{\"@context\":\"https:\/\/schema.org\",\"@graph\":[{\"@type\":\"WebPage\",\"@id\":\"https:\/\/dev-merck-ml.digitasproject.com\/at\/\",\"url\":\"https:\/\/dev-merck-ml.digitasproject.com\/at\/\",\"name\":\"Home - Thyroid AT\",\"isPartOf\":{\"@id\":\"https:\/\/dev-merck-ml.digitasproject.com\/at\/#website\"},\"datePublished\":\"2022-01-17T16:20:53+00:00\",\"dateModified\":\"2022-06-10T16:21:26+00:00\",\"description\":\"Die Schilddr\u00fcse ist ein kleines Organ mit gro\u00dfer Wirkung. Welche Auswirkungen ein Ungleichgewicht der Hormone haben kann, erfahrt ihr hier!\",\"breadcrumb\":{\"@id\":\"https:\/\/dev-merck-ml.digitasproject.com\/at\/#breadcrumb\"},\"inLanguage\":\"de\",\"potentialAction\":[{\"@type\":\"ReadAction\",\"target\":[\"https:\/\/dev-merck-ml.digitasproject.com\/at\/\"]}]},{\"@type\":\"BreadcrumbList\",\"@id\":\"https:\/\/dev-merck-ml.digitasproject.com\/at\/#breadcrumb\",\"itemListElement\":[{\"@type\":\"ListItem\",\"position\":1,\"name\":\"Home\",\"item\":\"https:\/\/dev-merck-ml.digitasproject.com\/at\/\"},{\"@type\":\"ListItem\",\"position\":2,\"name\":\"Home\"}]},{\"@type\":\"WebSite\",\"@id\":\"https:\/\/dev-merck-ml.digitasproject.com\/at\/#website\",\"url\":\"https:\/\/dev-merck-ml.digitasproject.com\/at\/\",\"name\":\"Thyroid AT\",\"description\":\"Eure Schilddr\u00fcse 365 Tage im Fokus!\",\"potentialAction\":[{\"@type\":\"SearchAction\",\"target\":{\"@type\":\"EntryPoint\",\"urlTemplate\":\"https:\/\/dev-merck-ml.digitasproject.com\/at\/?s={search_term_string}\"},\"query-input\":{\"@type\":\"PropertyValueSpecification\",\"valueRequired\":true,\"valueName\":\"search_term_string\"}}],\"inLanguage\":\"de\"}]}<\/script>\n<!-- \/ Yoast SEO plugin. -->","yoast_head_json":{"title":"Home - Thyroid AT","description":"Die Schilddr\u00fcse ist ein kleines Organ mit gro\u00dfer Wirkung. Welche Auswirkungen ein Ungleichgewicht der Hormone haben kann, erfahrt ihr hier!","robots":{"index":"index","follow":"follow","max-snippet":"max-snippet:-1","max-image-preview":"max-image-preview:large","max-video-preview":"max-video-preview:-1"},"canonical":"https:\/\/dev-merck-ml.digitasproject.com\/at\/","og_locale":"de_DE","og_type":"article","og_title":"Eure Schilddr\u00fcse 365 Tage im Fokus","og_description":"Welche Auswirkungen dieses kleine Organ auf euren K\u00f6rper haben kann, erfahrt ihr hier!","og_url":"https:\/\/dev-merck-ml.digitasproject.com\/at\/","og_site_name":"Thyroid AT","article_modified_time":"2022-06-10T16:21:26+00:00","og_image":[{"width":1024,"height":789,"url":"https:\/\/dev-merck-ml.digitasproject.com\/at\/wp-content\/uploads\/sites\/34\/2022\/01\/symptom-checker-illustration-1.png","type":"image\/png"}],"twitter_card":"summary_large_image","twitter_title":"Eure Schilddr\u00fcse 365 Tage im Fokus","twitter_description":"Welche Auswirkungen dieses kleine Organ auf euren K\u00f6rper haben kann, erfahrt ihr hier!","twitter_image":"https:\/\/dev-merck-ml.digitasproject.com\/at\/wp-content\/uploads\/sites\/34\/2022\/01\/symptom-checker-illustration-1.png","twitter_misc":{"Gesch\u00e4tzte Lesezeit":"1\u00a0Minute"},"schema":{"@context":"https:\/\/schema.org","@graph":[{"@type":"WebPage","@id":"https:\/\/dev-merck-ml.digitasproject.com\/at\/","url":"https:\/\/dev-merck-ml.digitasproject.com\/at\/","name":"Home - Thyroid AT","isPartOf":{"@id":"https:\/\/dev-merck-ml.digitasproject.com\/at\/#website"},"datePublished":"2022-01-17T16:20:53+00:00","dateModified":"2022-06-10T16:21:26+00:00","description":"Die Schilddr\u00fcse ist ein kleines Organ mit gro\u00dfer Wirkung. Welche Auswirkungen ein Ungleichgewicht der Hormone haben kann, erfahrt ihr hier!","breadcrumb":{"@id":"https:\/\/dev-merck-ml.digitasproject.com\/at\/#breadcrumb"},"inLanguage":"de","potentialAction":[{"@type":"ReadAction","target":["https:\/\/dev-merck-ml.digitasproject.com\/at\/"]}]},{"@type":"BreadcrumbList","@id":"https:\/\/dev-merck-ml.digitasproject.com\/at\/#breadcrumb","itemListElement":[{"@type":"ListItem","position":1,"name":"Home","item":"https:\/\/dev-merck-ml.digitasproject.com\/at\/"},{"@type":"ListItem","position":2,"name":"Home"}]},{"@type":"WebSite","@id":"https:\/\/dev-merck-ml.digitasproject.com\/at\/#website","url":"https:\/\/dev-merck-ml.digitasproject.com\/at\/","name":"Thyroid AT","description":"Eure Schilddr\u00fcse 365 Tage im Fokus!","potentialAction":[{"@type":"SearchAction","target":{"@type":"EntryPoint","urlTemplate":"https:\/\/dev-merck-ml.digitasproject.com\/at\/?s={search_term_string}"},"query-input":{"@type":"PropertyValueSpecification","valueRequired":true,"valueName":"search_term_string"}}],"inLanguage":"de"}]}},"_links":{"self":[{"href":"https:\/\/dev-merck-ml.digitasproject.com\/at\/wp-json\/wp\/v2\/pages\/38","targetHints":{"allow":["GET"]}}],"collection":[{"href":"https:\/\/dev-merck-ml.digitasproject.com\/at\/wp-json\/wp\/v2\/pages"}],"about":[{"href":"https:\/\/dev-merck-ml.digitasproject.com\/at\/wp-json\/wp\/v2\/types\/page"}],"author":[{"embeddable":true,"href":"https:\/\/dev-merck-ml.digitasproject.com\/at\/wp-json\/wp\/v2\/users\/1"}],"replies":[{"embeddable":true,"href":"https:\/\/dev-merck-ml.digitasproject.com\/at\/wp-json\/wp\/v2\/comments?post=38"}],"version-history":[{"count":76,"href":"https:\/\/dev-merck-ml.digitasproject.com\/at\/wp-json\/wp\/v2\/pages\/38\/revisions"}],"predecessor-version":[{"id":1237,"href":"https:\/\/dev-merck-ml.digitasproject.com\/at\/wp-json\/wp\/v2\/pages\/38\/revisions\/1237"}],"wp:attachment":[{"href":"https:\/\/dev-merck-ml.digitasproject.com\/at\/wp-json\/wp\/v2\/media?parent=38"}],"curies":[{"name":"wp","href":"https:\/\/api.w.org\/{rel}","templated":true}]}}