{"id":40,"date":"2022-01-17T16:21:24","date_gmt":"2022-01-17T15:21:24","guid":{"rendered":"https:\/\/dev-merck-ml.digitasproject.com\/at\/?page_id=40"},"modified":"2022-06-10T18:15:33","modified_gmt":"2022-06-10T16:15:33","slug":"the-thyroid","status":"publish","type":"page","link":"https:\/\/dev-merck-ml.digitasproject.com\/at\/the-thyroid\/","title":{"rendered":"Die Schilddr\u00fcse"},"content":{"rendered":"\n<h1 class=\"wp-block-heading\">Die <span style=\"color:#8416ae\" class=\"has-inline-color\">Schilddr\u00fcse<\/span><\/h1>\n\n\n\n<p>Ist die Hauptsteuerinstanz f\u00fcr den Stoffwechsel.<\/p>\n","protected":false},"excerpt":{"rendered":"<p>Die Schilddr\u00fcse Ist die Hauptsteuerinstanz f\u00fcr den Stoffwechsel.<\/p>\n","protected":false},"author":1,"featured_media":0,"parent":0,"menu_order":0,"comment_status":"closed","ping_status":"closed","template":"template-page-the-thyroid.php","meta":{"footnotes":""},"class_list":["post-40","page","type-page","status-publish","hentry"],"yoast_head":"<!-- This site is optimized with the Yoast SEO plugin v25.1 - https:\/\/yoast.com\/wordpress\/plugins\/seo\/ -->\n<title>Die Schilddr\u00fcse - Thyroid AT<\/title>\n<meta name=\"description\" content=\"Wof\u00fcr ist das schmetterlingsf\u00f6rmige Organ zust\u00e4ndig? Wozu kann eine Erkrankung der Schilddr\u00fcse f\u00fchren? Hier erfahrt ihr es!\" \/>\n<meta name=\"robots\" content=\"index, follow, max-snippet:-1, max-image-preview:large, max-video-preview:-1\" \/>\n<link rel=\"canonical\" href=\"https:\/\/dev-merck-ml.digitasproject.com\/at\/the-thyroid\/\" \/>\n<meta property=\"og:locale\" content=\"de_DE\" \/>\n<meta property=\"og:type\" content=\"article\" \/>\n<meta property=\"og:title\" content=\"Die Schilddr\u00fcse - Thyroid AT\" \/>\n<meta property=\"og:description\" content=\"Wof\u00fcr ist das schmetterlingsf\u00f6rmige Organ zust\u00e4ndig? Wozu kann eine Erkrankung der Schilddr\u00fcse f\u00fchren? Hier erfahrt ihr es!\" \/>\n<meta property=\"og:url\" content=\"https:\/\/dev-merck-ml.digitasproject.com\/at\/the-thyroid\/\" \/>\n<meta property=\"og:site_name\" content=\"Thyroid AT\" \/>\n<meta property=\"article:modified_time\" content=\"2022-06-10T16:15:33+00:00\" \/>\n<meta name=\"twitter:card\" content=\"summary_large_image\" \/>\n<meta name=\"twitter:label1\" content=\"Gesch\u00e4tzte Lesezeit\" \/>\n\t<meta name=\"twitter:data1\" content=\"1\u00a0Minute\" \/>\n<script type=\"application\/ld+json\" class=\"yoast-schema-graph\">{\"@context\":\"https:\/\/schema.org\",\"@graph\":[{\"@type\":\"WebPage\",\"@id\":\"https:\/\/dev-merck-ml.digitasproject.com\/at\/the-thyroid\/\",\"url\":\"https:\/\/dev-merck-ml.digitasproject.com\/at\/the-thyroid\/\",\"name\":\"Die Schilddr\u00fcse - Thyroid AT\",\"isPartOf\":{\"@id\":\"https:\/\/dev-merck-ml.digitasproject.com\/at\/#website\"},\"datePublished\":\"2022-01-17T15:21:24+00:00\",\"dateModified\":\"2022-06-10T16:15:33+00:00\",\"description\":\"Wof\u00fcr ist das schmetterlingsf\u00f6rmige Organ zust\u00e4ndig? Wozu kann eine Erkrankung der Schilddr\u00fcse f\u00fchren? Hier erfahrt ihr es!\",\"breadcrumb\":{\"@id\":\"https:\/\/dev-merck-ml.digitasproject.com\/at\/the-thyroid\/#breadcrumb\"},\"inLanguage\":\"de\",\"potentialAction\":[{\"@type\":\"ReadAction\",\"target\":[\"https:\/\/dev-merck-ml.digitasproject.com\/at\/the-thyroid\/\"]}]},{\"@type\":\"BreadcrumbList\",\"@id\":\"https:\/\/dev-merck-ml.digitasproject.com\/at\/the-thyroid\/#breadcrumb\",\"itemListElement\":[{\"@type\":\"ListItem\",\"position\":1,\"name\":\"Home\",\"item\":\"https:\/\/dev-merck-ml.digitasproject.com\/at\/\"},{\"@type\":\"ListItem\",\"position\":2,\"name\":\"Die Schilddr\u00fcse\"}]},{\"@type\":\"WebSite\",\"@id\":\"https:\/\/dev-merck-ml.digitasproject.com\/at\/#website\",\"url\":\"https:\/\/dev-merck-ml.digitasproject.com\/at\/\",\"name\":\"Thyroid AT\",\"description\":\"Eure Schilddr\u00fcse 365 Tage im Fokus!\",\"potentialAction\":[{\"@type\":\"SearchAction\",\"target\":{\"@type\":\"EntryPoint\",\"urlTemplate\":\"https:\/\/dev-merck-ml.digitasproject.com\/at\/?s={search_term_string}\"},\"query-input\":{\"@type\":\"PropertyValueSpecification\",\"valueRequired\":true,\"valueName\":\"search_term_string\"}}],\"inLanguage\":\"de\"}]}<\/script>\n<!-- \/ Yoast SEO plugin. -->","yoast_head_json":{"title":"Die Schilddr\u00fcse - Thyroid AT","description":"Wof\u00fcr ist das schmetterlingsf\u00f6rmige Organ zust\u00e4ndig? Wozu kann eine Erkrankung der Schilddr\u00fcse f\u00fchren? Hier erfahrt ihr es!","robots":{"index":"index","follow":"follow","max-snippet":"max-snippet:-1","max-image-preview":"max-image-preview:large","max-video-preview":"max-video-preview:-1"},"canonical":"https:\/\/dev-merck-ml.digitasproject.com\/at\/the-thyroid\/","og_locale":"de_DE","og_type":"article","og_title":"Die Schilddr\u00fcse - Thyroid AT","og_description":"Wof\u00fcr ist das schmetterlingsf\u00f6rmige Organ zust\u00e4ndig? Wozu kann eine Erkrankung der Schilddr\u00fcse f\u00fchren? Hier erfahrt ihr es!","og_url":"https:\/\/dev-merck-ml.digitasproject.com\/at\/the-thyroid\/","og_site_name":"Thyroid AT","article_modified_time":"2022-06-10T16:15:33+00:00","twitter_card":"summary_large_image","twitter_misc":{"Gesch\u00e4tzte Lesezeit":"1\u00a0Minute"},"schema":{"@context":"https:\/\/schema.org","@graph":[{"@type":"WebPage","@id":"https:\/\/dev-merck-ml.digitasproject.com\/at\/the-thyroid\/","url":"https:\/\/dev-merck-ml.digitasproject.com\/at\/the-thyroid\/","name":"Die Schilddr\u00fcse - Thyroid AT","isPartOf":{"@id":"https:\/\/dev-merck-ml.digitasproject.com\/at\/#website"},"datePublished":"2022-01-17T15:21:24+00:00","dateModified":"2022-06-10T16:15:33+00:00","description":"Wof\u00fcr ist das schmetterlingsf\u00f6rmige Organ zust\u00e4ndig? Wozu kann eine Erkrankung der Schilddr\u00fcse f\u00fchren? Hier erfahrt ihr es!","breadcrumb":{"@id":"https:\/\/dev-merck-ml.digitasproject.com\/at\/the-thyroid\/#breadcrumb"},"inLanguage":"de","potentialAction":[{"@type":"ReadAction","target":["https:\/\/dev-merck-ml.digitasproject.com\/at\/the-thyroid\/"]}]},{"@type":"BreadcrumbList","@id":"https:\/\/dev-merck-ml.digitasproject.com\/at\/the-thyroid\/#breadcrumb","itemListElement":[{"@type":"ListItem","position":1,"name":"Home","item":"https:\/\/dev-merck-ml.digitasproject.com\/at\/"},{"@type":"ListItem","position":2,"name":"Die Schilddr\u00fcse"}]},{"@type":"WebSite","@id":"https:\/\/dev-merck-ml.digitasproject.com\/at\/#website","url":"https:\/\/dev-merck-ml.digitasproject.com\/at\/","name":"Thyroid AT","description":"Eure Schilddr\u00fcse 365 Tage im Fokus!","potentialAction":[{"@type":"SearchAction","target":{"@type":"EntryPoint","urlTemplate":"https:\/\/dev-merck-ml.digitasproject.com\/at\/?s={search_term_string}"},"query-input":{"@type":"PropertyValueSpecification","valueRequired":true,"valueName":"search_term_string"}}],"inLanguage":"de"}]}},"_links":{"self":[{"href":"https:\/\/dev-merck-ml.digitasproject.com\/at\/wp-json\/wp\/v2\/pages\/40","targetHints":{"allow":["GET"]}}],"collection":[{"href":"https:\/\/dev-merck-ml.digitasproject.com\/at\/wp-json\/wp\/v2\/pages"}],"about":[{"href":"https:\/\/dev-merck-ml.digitasproject.com\/at\/wp-json\/wp\/v2\/types\/page"}],"author":[{"embeddable":true,"href":"https:\/\/dev-merck-ml.digitasproject.com\/at\/wp-json\/wp\/v2\/users\/1"}],"replies":[{"embeddable":true,"href":"https:\/\/dev-merck-ml.digitasproject.com\/at\/wp-json\/wp\/v2\/comments?post=40"}],"version-history":[{"count":7,"href":"https:\/\/dev-merck-ml.digitasproject.com\/at\/wp-json\/wp\/v2\/pages\/40\/revisions"}],"predecessor-version":[{"id":927,"href":"https:\/\/dev-merck-ml.digitasproject.com\/at\/wp-json\/wp\/v2\/pages\/40\/revisions\/927"}],"wp:attachment":[{"href":"https:\/\/dev-merck-ml.digitasproject.com\/at\/wp-json\/wp\/v2\/media?parent=40"}],"curies":[{"name":"wp","href":"https:\/\/api.w.org\/{rel}","templated":true}]}}