{"id":50,"date":"2022-01-17T16:22:30","date_gmt":"2022-01-17T15:22:30","guid":{"rendered":"https:\/\/dev-merck-ml.digitasproject.com\/at\/?page_id=50"},"modified":"2022-06-09T16:22:46","modified_gmt":"2022-06-09T14:22:46","slug":"latest-news","status":"publish","type":"page","link":"https:\/\/dev-merck-ml.digitasproject.com\/at\/latest-news\/","title":{"rendered":"Eine Diagnose &#8211; Hundert Geschichten"},"content":{"rendered":"\n<h1 class=\"wp-block-heading\">Eine <span style=\"color:#8416ae\" class=\"has-inline-color\">Diagnose<\/span> &#8211; Hundert <span style=\"color:#8416ae\" class=\"has-inline-color\">Geschichten<\/span><\/h1>\n\n\n\n<p><br>Schilddr\u00fcsenprobleme sind \u00fcberall auf der Welt und bei Menschen jeden Alters anzutreffen. Eine Schilddr\u00fcsenerkrankung ist kein Hindernis, um das Leben zu genie\u00dfen!<br><br><strong>Ihr seid noch nicht \u00fcberzeugt? Dann lasst euch von diesen spannenden Patienten-Geschichten motivieren.<\/strong><\/p>\n","protected":false},"excerpt":{"rendered":"<p>Eine Diagnose &#8211; Hundert Geschichten Schilddr\u00fcsenprobleme sind \u00fcberall auf der Welt und bei Menschen jeden Alters anzutreffen. Eine Schilddr\u00fcsenerkrankung ist kein Hindernis, um das Leben zu genie\u00dfen! Ihr seid noch nicht \u00fcberzeugt? Dann lasst euch von diesen spannenden Patienten-Geschichten motivieren.<\/p>\n","protected":false},"author":1,"featured_media":0,"parent":0,"menu_order":0,"comment_status":"closed","ping_status":"closed","template":"template-page-lates-news.php","meta":{"footnotes":""},"class_list":["post-50","page","type-page","status-publish","hentry"],"yoast_head":"<!-- This site is optimized with the Yoast SEO plugin v25.1 - https:\/\/yoast.com\/wordpress\/plugins\/seo\/ -->\n<title>Eine Diagnose - Hundert Geschichten - Thyroid AT<\/title>\n<meta name=\"description\" content=\"Eine Schilddr\u00fcsenerkrankung ist kein Hindernis, um das Leben zu genie\u00dfen! Lasst euch von diesen spannenden Patienten-Geschichten motivieren!\" \/>\n<meta name=\"robots\" content=\"index, follow, max-snippet:-1, max-image-preview:large, max-video-preview:-1\" \/>\n<link rel=\"canonical\" href=\"https:\/\/dev-merck-ml.digitasproject.com\/at\/latest-news\/\" \/>\n<meta property=\"og:locale\" content=\"de_DE\" \/>\n<meta property=\"og:type\" content=\"article\" \/>\n<meta property=\"og:title\" content=\"Eine Diagnose - Hundert Geschichten - Thyroid AT\" \/>\n<meta property=\"og:description\" content=\"Eine Schilddr\u00fcsenerkrankung ist kein Hindernis, um das Leben zu genie\u00dfen! Lasst euch von diesen spannenden Patienten-Geschichten motivieren!\" \/>\n<meta property=\"og:url\" content=\"https:\/\/dev-merck-ml.digitasproject.com\/at\/latest-news\/\" \/>\n<meta property=\"og:site_name\" content=\"Thyroid AT\" \/>\n<meta property=\"article:modified_time\" content=\"2022-06-09T14:22:46+00:00\" \/>\n<meta name=\"twitter:card\" content=\"summary_large_image\" \/>\n<meta name=\"twitter:label1\" content=\"Gesch\u00e4tzte Lesezeit\" \/>\n\t<meta name=\"twitter:data1\" content=\"1\u00a0Minute\" \/>\n<script type=\"application\/ld+json\" class=\"yoast-schema-graph\">{\"@context\":\"https:\/\/schema.org\",\"@graph\":[{\"@type\":\"WebPage\",\"@id\":\"https:\/\/dev-merck-ml.digitasproject.com\/at\/latest-news\/\",\"url\":\"https:\/\/dev-merck-ml.digitasproject.com\/at\/latest-news\/\",\"name\":\"Eine Diagnose - Hundert Geschichten - Thyroid AT\",\"isPartOf\":{\"@id\":\"https:\/\/dev-merck-ml.digitasproject.com\/at\/#website\"},\"datePublished\":\"2022-01-17T15:22:30+00:00\",\"dateModified\":\"2022-06-09T14:22:46+00:00\",\"description\":\"Eine Schilddr\u00fcsenerkrankung ist kein Hindernis, um das Leben zu genie\u00dfen! Lasst euch von diesen spannenden Patienten-Geschichten motivieren!\",\"breadcrumb\":{\"@id\":\"https:\/\/dev-merck-ml.digitasproject.com\/at\/latest-news\/#breadcrumb\"},\"inLanguage\":\"de\",\"potentialAction\":[{\"@type\":\"ReadAction\",\"target\":[\"https:\/\/dev-merck-ml.digitasproject.com\/at\/latest-news\/\"]}]},{\"@type\":\"BreadcrumbList\",\"@id\":\"https:\/\/dev-merck-ml.digitasproject.com\/at\/latest-news\/#breadcrumb\",\"itemListElement\":[{\"@type\":\"ListItem\",\"position\":1,\"name\":\"Home\",\"item\":\"https:\/\/dev-merck-ml.digitasproject.com\/at\/\"},{\"@type\":\"ListItem\",\"position\":2,\"name\":\"Eine Diagnose &#8211; Hundert Geschichten\"}]},{\"@type\":\"WebSite\",\"@id\":\"https:\/\/dev-merck-ml.digitasproject.com\/at\/#website\",\"url\":\"https:\/\/dev-merck-ml.digitasproject.com\/at\/\",\"name\":\"Thyroid AT\",\"description\":\"Eure Schilddr\u00fcse 365 Tage im Fokus!\",\"potentialAction\":[{\"@type\":\"SearchAction\",\"target\":{\"@type\":\"EntryPoint\",\"urlTemplate\":\"https:\/\/dev-merck-ml.digitasproject.com\/at\/?s={search_term_string}\"},\"query-input\":{\"@type\":\"PropertyValueSpecification\",\"valueRequired\":true,\"valueName\":\"search_term_string\"}}],\"inLanguage\":\"de\"}]}<\/script>\n<!-- \/ Yoast SEO plugin. -->","yoast_head_json":{"title":"Eine Diagnose - Hundert Geschichten - Thyroid AT","description":"Eine Schilddr\u00fcsenerkrankung ist kein Hindernis, um das Leben zu genie\u00dfen! Lasst euch von diesen spannenden Patienten-Geschichten motivieren!","robots":{"index":"index","follow":"follow","max-snippet":"max-snippet:-1","max-image-preview":"max-image-preview:large","max-video-preview":"max-video-preview:-1"},"canonical":"https:\/\/dev-merck-ml.digitasproject.com\/at\/latest-news\/","og_locale":"de_DE","og_type":"article","og_title":"Eine Diagnose - Hundert Geschichten - Thyroid AT","og_description":"Eine Schilddr\u00fcsenerkrankung ist kein Hindernis, um das Leben zu genie\u00dfen! Lasst euch von diesen spannenden Patienten-Geschichten motivieren!","og_url":"https:\/\/dev-merck-ml.digitasproject.com\/at\/latest-news\/","og_site_name":"Thyroid AT","article_modified_time":"2022-06-09T14:22:46+00:00","twitter_card":"summary_large_image","twitter_misc":{"Gesch\u00e4tzte Lesezeit":"1\u00a0Minute"},"schema":{"@context":"https:\/\/schema.org","@graph":[{"@type":"WebPage","@id":"https:\/\/dev-merck-ml.digitasproject.com\/at\/latest-news\/","url":"https:\/\/dev-merck-ml.digitasproject.com\/at\/latest-news\/","name":"Eine Diagnose - Hundert Geschichten - Thyroid AT","isPartOf":{"@id":"https:\/\/dev-merck-ml.digitasproject.com\/at\/#website"},"datePublished":"2022-01-17T15:22:30+00:00","dateModified":"2022-06-09T14:22:46+00:00","description":"Eine Schilddr\u00fcsenerkrankung ist kein Hindernis, um das Leben zu genie\u00dfen! Lasst euch von diesen spannenden Patienten-Geschichten motivieren!","breadcrumb":{"@id":"https:\/\/dev-merck-ml.digitasproject.com\/at\/latest-news\/#breadcrumb"},"inLanguage":"de","potentialAction":[{"@type":"ReadAction","target":["https:\/\/dev-merck-ml.digitasproject.com\/at\/latest-news\/"]}]},{"@type":"BreadcrumbList","@id":"https:\/\/dev-merck-ml.digitasproject.com\/at\/latest-news\/#breadcrumb","itemListElement":[{"@type":"ListItem","position":1,"name":"Home","item":"https:\/\/dev-merck-ml.digitasproject.com\/at\/"},{"@type":"ListItem","position":2,"name":"Eine Diagnose &#8211; Hundert Geschichten"}]},{"@type":"WebSite","@id":"https:\/\/dev-merck-ml.digitasproject.com\/at\/#website","url":"https:\/\/dev-merck-ml.digitasproject.com\/at\/","name":"Thyroid AT","description":"Eure Schilddr\u00fcse 365 Tage im Fokus!","potentialAction":[{"@type":"SearchAction","target":{"@type":"EntryPoint","urlTemplate":"https:\/\/dev-merck-ml.digitasproject.com\/at\/?s={search_term_string}"},"query-input":{"@type":"PropertyValueSpecification","valueRequired":true,"valueName":"search_term_string"}}],"inLanguage":"de"}]}},"_links":{"self":[{"href":"https:\/\/dev-merck-ml.digitasproject.com\/at\/wp-json\/wp\/v2\/pages\/50","targetHints":{"allow":["GET"]}}],"collection":[{"href":"https:\/\/dev-merck-ml.digitasproject.com\/at\/wp-json\/wp\/v2\/pages"}],"about":[{"href":"https:\/\/dev-merck-ml.digitasproject.com\/at\/wp-json\/wp\/v2\/types\/page"}],"author":[{"embeddable":true,"href":"https:\/\/dev-merck-ml.digitasproject.com\/at\/wp-json\/wp\/v2\/users\/1"}],"replies":[{"embeddable":true,"href":"https:\/\/dev-merck-ml.digitasproject.com\/at\/wp-json\/wp\/v2\/comments?post=50"}],"version-history":[{"count":10,"href":"https:\/\/dev-merck-ml.digitasproject.com\/at\/wp-json\/wp\/v2\/pages\/50\/revisions"}],"predecessor-version":[{"id":1235,"href":"https:\/\/dev-merck-ml.digitasproject.com\/at\/wp-json\/wp\/v2\/pages\/50\/revisions\/1235"}],"wp:attachment":[{"href":"https:\/\/dev-merck-ml.digitasproject.com\/at\/wp-json\/wp\/v2\/media?parent=50"}],"curies":[{"name":"wp","href":"https:\/\/api.w.org\/{rel}","templated":true}]}}