{"id":2,"date":"2021-12-20T16:49:00","date_gmt":"2021-12-20T16:49:00","guid":{"rendered":"https:\/\/dev-merck-ml.digitasproject.com\/br\/?page_id=2"},"modified":"2022-05-13T15:18:21","modified_gmt":"2022-05-13T18:18:21","slug":"terms-of-use","status":"publish","type":"page","link":"https:\/\/dev-merck-ml.digitasproject.com\/br\/disclaimer\/terms-of-use\/","title":{"rendered":"Termos de Uso"},"content":{"rendered":"\n<p>Este site \u00e9 administrado pela Merck Healthcare KGaA em Darmstadt, Alemanha (doravante tamb\u00e9m denominada \u201cMerck\u201d, \u201cn\u00f3s\u201d ou \u201cnosso\u201d). Mais detalhes podem ser encontrados nos Dados Editoriais Jur\u00eddicos [link para os Dados Editoriais Jur\u00eddicos Corporativos &#8211;&nbsp;<a href=\"https:\/\/www.merckgroup.com\/en\/legal-disclaimer.html\" target=\"_blank\" rel=\"noreferrer noopener\">https:\/\/www.merckgroup.com\/en\/legal-disclaimer.html<\/a>&nbsp;].<\/p>\n\n\n\n<p>Este site \u00e9 administrado pela Merck Healthcare KGaA em Darmstadt, Alemanha (doravante tamb\u00e9m denominada \u201cMerck\u201d, \u201cn\u00f3s\u201d ou \u201cnosso\u201d). Mais detalhes podem ser encontrados nos Dados Editoriais Jur\u00eddicos [link para os Dados Editoriais Jur\u00eddicos Corporativos<\/p>\n\n\n\n<p><strong>Sob nenhuma circunst\u00e2ncia este site ou seu conte\u00fado pode ser usado ou entendido como substituto da orienta\u00e7\u00e3o de um profissional de sa\u00fade e n\u00e3o deve ser usado para diagn\u00f3stico de qualquer problema de sa\u00fade ou doen\u00e7a. Os pacientes devem sempre consultar um m\u00e9dico ou outro profissional de sa\u00fade para receber orienta\u00e7\u00e3o m\u00e9dica ou informa\u00e7\u00f5es sobre diagn\u00f3stico e tratamento. Se a sua situa\u00e7\u00e3o for grave, sempre entre em contato com o servi\u00e7o de emerg\u00eancia.<\/strong><\/p>\n\n\n\n<h2 class=\"wp-block-heading\">1.&nbsp;<strong>Exclus\u00e3o de responsabilidade<\/strong><\/h2>\n\n\n\n<p>Compilamos o conte\u00fado deste site cuidadosamente e de acordo com o estado atual do conhecimento. No entanto, n\u00e3o garantimos, nem expressa nem tacitamente, a integridade ou exatid\u00e3o dos detalhes fornecidos. Esteja ciente, em particular, de que os detalhes que fornecemos podem n\u00e3o estar mais atualizados.<\/p>\n\n\n\n<p>O acesso e uso deste site e de quaisquer sites associados ou sites conectados por meio de links ocorrem por conta e risco do usu\u00e1rio. N\u00e3o aceitamos nenhuma responsabilidade por perdas, danos ou pedidos de indeniza\u00e7\u00e3o devido a detalhes ausentes ou incorretos. O site e quaisquer servi\u00e7os dispon\u00edveis por meio dele est\u00e3o dispon\u00edveis exclusivamente para uso pessoal do Usu\u00e1rio e n\u00e3o para uso comercial.<\/p>\n\n\n\n<h2 class=\"wp-block-heading\">2.&nbsp;<strong>Avisos legais<\/strong><\/h2>\n\n\n\n<p>Todos os direitos ao site ou decorrentes deste permanecer\u00e3o com a Merck Healthcare KGaA, Darmstadt, Alemanha, suas afiliadas ou licenciadas.<\/p>\n\n\n\n<p>Podemos modificar este site e\/ou suspend\u00ea-lo a qualquer momento sem aviso pr\u00e9vio, total ou parcialmente, a seu crit\u00e9rio e sem aceitar responsabilidade. A Merck tamb\u00e9m n\u00e3o tem obriga\u00e7\u00e3o de atualizar o conte\u00fado deste site.<\/p>\n\n\n\n<p>Salvo indica\u00e7\u00e3o em contr\u00e1rio, todos os detalhes, documentos e apresenta\u00e7\u00f5es publicados em nosso site s\u00e3o de propriedade exclusiva da Merck Healthcare KGaA em Darmstadt, Alemanha, suas afiliadas ou terceiros que autorizaram seu uso. A menos que nosso consentimento por escrito tenha sido obtido (Departamento de Comunica\u00e7\u00e3o Corporativa), nenhuma permiss\u00e3o \u00e9 concedida para importar conte\u00fado publicado e protegido por direitos autorais do nosso site para outros programas ou site ou para usar esse conte\u00fado de qualquer outra forma.<\/p>\n\n\n\n<p>O site \u00e9 de acesso p\u00fablico e n\u00e3o requer registro. Esteja ciente de que os usu\u00e1rios podem estar sujeitos \u00e0s disposi\u00e7\u00f5es da legisla\u00e7\u00e3o local. Os usu\u00e1rios internacionais devem observar as disposi\u00e7\u00f5es especiais da legisla\u00e7\u00e3o local. Os usu\u00e1rios nos Estados Unidos est\u00e3o sujeitos \u00e0s condi\u00e7\u00f5es de uso dos sites de nossas empresas nos EUA.&nbsp;<\/p>\n\n\n\n<h2 class=\"wp-block-heading\">3.&nbsp;<strong>Dados pessoais<\/strong><\/h2>\n\n\n\n<p>Preocupamo-nos em garantir a prote\u00e7\u00e3o dos seus dados pessoais. As informa\u00e7\u00f5es sobre o uso de dados pessoais se encontram na\u00a0<a href=\"https:\/\/dev-merck-ml.digitasproject.com\/br\/politica-privacidad\/\">Declara\u00e7\u00e3o de Privacidade<\/a>.<\/p>\n\n\n\n<h2 class=\"wp-block-heading\">4.&nbsp;<strong>Conte\u00fado<\/strong><\/h2>\n\n\n\n<p>Este site pode conter informa\u00e7\u00f5es gerais sobre condi\u00e7\u00f5es m\u00e9dicas. Tais informa\u00e7\u00f5es s\u00e3o fornecidas apenas para fins informativos e em nenhuma circunst\u00e2ncia podem ser usadas ou entendidas como substitutas da orienta\u00e7\u00e3o de um profissional de sa\u00fade e n\u00e3o devem ser usadas para diagn\u00f3stico de qualquer problema de sa\u00fade ou doen\u00e7a. Os pacientes devem sempre consultar um m\u00e9dico ou outro profissional de sa\u00fade para receber orienta\u00e7\u00e3o m\u00e9dica ou informa\u00e7\u00f5es sobre diagn\u00f3stico e tratamento.<\/p>\n\n\n\n<p>Este site tamb\u00e9m pode incluir links para sites de terceiros. Esses links s\u00e3o fornecidos apenas como uma conveni\u00eancia. O conte\u00fado de sites de terceiros est\u00e1 al\u00e9m do nosso controle e n\u00e3o oferecemos garantias ou declara\u00e7\u00f5es quanto \u00e0 precis\u00e3o ou validade de tais informa\u00e7\u00f5es. Os links tamb\u00e9m n\u00e3o representam nenhum tipo de apoio ou endosso ao conte\u00fado do site vinculado. O acesso e uso de sites conectados por meio de links ocorrem por conta e risco do usu\u00e1rio.<\/p>\n\n\n\n<p>Data da elabora\u00e7\u00e3o: Fevereiro de 2022<\/p>\n","protected":false},"excerpt":{"rendered":"<p>Este site \u00e9 administrado pela Merck Healthcare KGaA em Darmstadt, Alemanha (doravante tamb\u00e9m denominada \u201cMerck\u201d, \u201cn\u00f3s\u201d ou \u201cnosso\u201d). Mais detalhes podem ser encontrados nos Dados Editoriais Jur\u00eddicos [link para os Dados Editoriais Jur\u00eddicos Corporativos &#8211;&nbsp;https:\/\/www.merckgroup.com\/en\/legal-disclaimer.html&nbsp;]. Este site \u00e9 administrado pela Merck Healthcare KGaA em Darmstadt, Alemanha (doravante tamb\u00e9m denominada \u201cMerck\u201d, \u201cn\u00f3s\u201d ou \u201cnosso\u201d). Mais detalhes [&hellip;]<\/p>\n","protected":false},"author":1,"featured_media":0,"parent":266,"menu_order":0,"comment_status":"closed","ping_status":"open","template":"template-master-legales.php","meta":{"footnotes":""},"class_list":["post-2","page","type-page","status-publish","hentry"],"yoast_head":"<!-- This site is optimized with the Yoast SEO plugin v25.1 - https:\/\/yoast.com\/wordpress\/plugins\/seo\/ -->\n<title>Termos de Uso - Thyroid Br<\/title>\n<meta name=\"robots\" content=\"index, follow, max-snippet:-1, max-image-preview:large, max-video-preview:-1\" \/>\n<link rel=\"canonical\" href=\"https:\/\/dev-merck-ml.digitasproject.com\/br\/disclaimer\/terms-of-use\/\" \/>\n<meta property=\"og:locale\" content=\"pt_BR\" \/>\n<meta property=\"og:type\" content=\"article\" \/>\n<meta property=\"og:title\" content=\"Termos de Uso - Thyroid Br\" \/>\n<meta property=\"og:description\" content=\"Este site \u00e9 administrado pela Merck Healthcare KGaA em Darmstadt, Alemanha (doravante tamb\u00e9m denominada \u201cMerck\u201d, \u201cn\u00f3s\u201d ou \u201cnosso\u201d). Mais detalhes podem ser encontrados nos Dados Editoriais Jur\u00eddicos [link para os Dados Editoriais Jur\u00eddicos Corporativos &#8211;&nbsp;https:\/\/www.merckgroup.com\/en\/legal-disclaimer.html&nbsp;]. Este site \u00e9 administrado pela Merck Healthcare KGaA em Darmstadt, Alemanha (doravante tamb\u00e9m denominada \u201cMerck\u201d, \u201cn\u00f3s\u201d ou \u201cnosso\u201d). Mais detalhes [&hellip;]\" \/>\n<meta property=\"og:url\" content=\"https:\/\/dev-merck-ml.digitasproject.com\/br\/disclaimer\/terms-of-use\/\" \/>\n<meta property=\"og:site_name\" content=\"Thyroid Br\" \/>\n<meta property=\"article:modified_time\" content=\"2022-05-13T18:18:21+00:00\" \/>\n<meta name=\"twitter:card\" content=\"summary_large_image\" \/>\n<meta name=\"twitter:label1\" content=\"Est. tempo de leitura\" \/>\n\t<meta name=\"twitter:data1\" content=\"3 minutos\" \/>\n<script type=\"application\/ld+json\" class=\"yoast-schema-graph\">{\"@context\":\"https:\/\/schema.org\",\"@graph\":[{\"@type\":\"WebPage\",\"@id\":\"https:\/\/dev-merck-ml.digitasproject.com\/br\/disclaimer\/terms-of-use\/\",\"url\":\"https:\/\/dev-merck-ml.digitasproject.com\/br\/disclaimer\/terms-of-use\/\",\"name\":\"Termos de Uso - Thyroid Br\",\"isPartOf\":{\"@id\":\"https:\/\/dev-merck-ml.digitasproject.com\/br\/#website\"},\"datePublished\":\"2021-12-20T16:49:00+00:00\",\"dateModified\":\"2022-05-13T18:18:21+00:00\",\"breadcrumb\":{\"@id\":\"https:\/\/dev-merck-ml.digitasproject.com\/br\/disclaimer\/terms-of-use\/#breadcrumb\"},\"inLanguage\":\"pt-BR\",\"potentialAction\":[{\"@type\":\"ReadAction\",\"target\":[\"https:\/\/dev-merck-ml.digitasproject.com\/br\/disclaimer\/terms-of-use\/\"]}]},{\"@type\":\"BreadcrumbList\",\"@id\":\"https:\/\/dev-merck-ml.digitasproject.com\/br\/disclaimer\/terms-of-use\/#breadcrumb\",\"itemListElement\":[{\"@type\":\"ListItem\",\"position\":1,\"name\":\"Home\",\"item\":\"https:\/\/dev-merck-ml.digitasproject.com\/br\/\"},{\"@type\":\"ListItem\",\"position\":2,\"name\":\"Isen\u00e7\u00e3o de Responsabilidade Legal\",\"item\":\"https:\/\/dev-merck-ml.digitasproject.com\/br\/disclaimer\/\"},{\"@type\":\"ListItem\",\"position\":3,\"name\":\"Termos de Uso\"}]},{\"@type\":\"WebSite\",\"@id\":\"https:\/\/dev-merck-ml.digitasproject.com\/br\/#website\",\"url\":\"https:\/\/dev-merck-ml.digitasproject.com\/br\/\",\"name\":\"Thyroid Br\",\"description\":\"Otro sitio realizado con WordPress\",\"potentialAction\":[{\"@type\":\"SearchAction\",\"target\":{\"@type\":\"EntryPoint\",\"urlTemplate\":\"https:\/\/dev-merck-ml.digitasproject.com\/br\/?s={search_term_string}\"},\"query-input\":{\"@type\":\"PropertyValueSpecification\",\"valueRequired\":true,\"valueName\":\"search_term_string\"}}],\"inLanguage\":\"pt-BR\"}]}<\/script>\n<!-- \/ Yoast SEO plugin. -->","yoast_head_json":{"title":"Termos de Uso - Thyroid Br","robots":{"index":"index","follow":"follow","max-snippet":"max-snippet:-1","max-image-preview":"max-image-preview:large","max-video-preview":"max-video-preview:-1"},"canonical":"https:\/\/dev-merck-ml.digitasproject.com\/br\/disclaimer\/terms-of-use\/","og_locale":"pt_BR","og_type":"article","og_title":"Termos de Uso - Thyroid Br","og_description":"Este site \u00e9 administrado pela Merck Healthcare KGaA em Darmstadt, Alemanha (doravante tamb\u00e9m denominada \u201cMerck\u201d, \u201cn\u00f3s\u201d ou \u201cnosso\u201d). Mais detalhes podem ser encontrados nos Dados Editoriais Jur\u00eddicos [link para os Dados Editoriais Jur\u00eddicos Corporativos &#8211;&nbsp;https:\/\/www.merckgroup.com\/en\/legal-disclaimer.html&nbsp;]. Este site \u00e9 administrado pela Merck Healthcare KGaA em Darmstadt, Alemanha (doravante tamb\u00e9m denominada \u201cMerck\u201d, \u201cn\u00f3s\u201d ou \u201cnosso\u201d). Mais detalhes [&hellip;]","og_url":"https:\/\/dev-merck-ml.digitasproject.com\/br\/disclaimer\/terms-of-use\/","og_site_name":"Thyroid Br","article_modified_time":"2022-05-13T18:18:21+00:00","twitter_card":"summary_large_image","twitter_misc":{"Est. tempo de leitura":"3 minutos"},"schema":{"@context":"https:\/\/schema.org","@graph":[{"@type":"WebPage","@id":"https:\/\/dev-merck-ml.digitasproject.com\/br\/disclaimer\/terms-of-use\/","url":"https:\/\/dev-merck-ml.digitasproject.com\/br\/disclaimer\/terms-of-use\/","name":"Termos de Uso - Thyroid Br","isPartOf":{"@id":"https:\/\/dev-merck-ml.digitasproject.com\/br\/#website"},"datePublished":"2021-12-20T16:49:00+00:00","dateModified":"2022-05-13T18:18:21+00:00","breadcrumb":{"@id":"https:\/\/dev-merck-ml.digitasproject.com\/br\/disclaimer\/terms-of-use\/#breadcrumb"},"inLanguage":"pt-BR","potentialAction":[{"@type":"ReadAction","target":["https:\/\/dev-merck-ml.digitasproject.com\/br\/disclaimer\/terms-of-use\/"]}]},{"@type":"BreadcrumbList","@id":"https:\/\/dev-merck-ml.digitasproject.com\/br\/disclaimer\/terms-of-use\/#breadcrumb","itemListElement":[{"@type":"ListItem","position":1,"name":"Home","item":"https:\/\/dev-merck-ml.digitasproject.com\/br\/"},{"@type":"ListItem","position":2,"name":"Isen\u00e7\u00e3o de Responsabilidade Legal","item":"https:\/\/dev-merck-ml.digitasproject.com\/br\/disclaimer\/"},{"@type":"ListItem","position":3,"name":"Termos de Uso"}]},{"@type":"WebSite","@id":"https:\/\/dev-merck-ml.digitasproject.com\/br\/#website","url":"https:\/\/dev-merck-ml.digitasproject.com\/br\/","name":"Thyroid Br","description":"Otro sitio realizado con WordPress","potentialAction":[{"@type":"SearchAction","target":{"@type":"EntryPoint","urlTemplate":"https:\/\/dev-merck-ml.digitasproject.com\/br\/?s={search_term_string}"},"query-input":{"@type":"PropertyValueSpecification","valueRequired":true,"valueName":"search_term_string"}}],"inLanguage":"pt-BR"}]}},"_links":{"self":[{"href":"https:\/\/dev-merck-ml.digitasproject.com\/br\/wp-json\/wp\/v2\/pages\/2","targetHints":{"allow":["GET"]}}],"collection":[{"href":"https:\/\/dev-merck-ml.digitasproject.com\/br\/wp-json\/wp\/v2\/pages"}],"about":[{"href":"https:\/\/dev-merck-ml.digitasproject.com\/br\/wp-json\/wp\/v2\/types\/page"}],"author":[{"embeddable":true,"href":"https:\/\/dev-merck-ml.digitasproject.com\/br\/wp-json\/wp\/v2\/users\/1"}],"replies":[{"embeddable":true,"href":"https:\/\/dev-merck-ml.digitasproject.com\/br\/wp-json\/wp\/v2\/comments?post=2"}],"version-history":[{"count":14,"href":"https:\/\/dev-merck-ml.digitasproject.com\/br\/wp-json\/wp\/v2\/pages\/2\/revisions"}],"predecessor-version":[{"id":981,"href":"https:\/\/dev-merck-ml.digitasproject.com\/br\/wp-json\/wp\/v2\/pages\/2\/revisions\/981"}],"up":[{"embeddable":true,"href":"https:\/\/dev-merck-ml.digitasproject.com\/br\/wp-json\/wp\/v2\/pages\/266"}],"wp:attachment":[{"href":"https:\/\/dev-merck-ml.digitasproject.com\/br\/wp-json\/wp\/v2\/media?parent=2"}],"curies":[{"name":"wp","href":"https:\/\/api.w.org\/{rel}","templated":true}]}}