{"id":266,"date":"2022-01-28T14:44:57","date_gmt":"2022-01-28T20:44:57","guid":{"rendered":"https:\/\/dev-merck-ml.digitasproject.com\/br\/?page_id=266"},"modified":"2022-05-13T14:55:56","modified_gmt":"2022-05-13T17:55:56","slug":"disclaimer","status":"publish","type":"page","link":"https:\/\/dev-merck-ml.digitasproject.com\/br\/disclaimer\/","title":{"rendered":"Isen\u00e7\u00e3o de Responsabilidade Legal"},"content":{"rendered":"\n<h2 class=\"wp-block-heading\"><strong>Data da revis\u00e3o: Fevereiro de 2022<\/strong><\/h2>\n\n\n\n<p>Ao ler este site, lembre-se de que as informa\u00e7\u00f5es s\u00e3o apenas para refer\u00eancia geral. Como resultado dos avan\u00e7os e desenvolvimentos m\u00e9dicos cont\u00ednuos, as informa\u00e7\u00f5es podem nem sempre estar completamente atualizadas e, por isso, tais informa\u00e7\u00f5es s\u00e3o fornecidas \u201ccomo est\u00e3o\u201d e \u201cconforme dispon\u00edveis\u201d.<\/p>\n\n\n\n<p>Este site n\u00e3o deve ser usado ou entendido como substituto da orienta\u00e7\u00e3o de um profissional de sa\u00fade e n\u00e3o deve ser usado para diagn\u00f3stico de qualquer problema de sa\u00fade ou doen\u00e7a. Os pacientes devem sempre consultar um m\u00e9dico ou outro profissional de sa\u00fade para receber orienta\u00e7\u00e3o m\u00e9dica ou informa\u00e7\u00f5es sobre diagn\u00f3stico e tratamento.<\/p>\n","protected":false},"excerpt":{"rendered":"<p>Data da revis\u00e3o: Fevereiro de 2022 Ao ler este site, lembre-se de que as informa\u00e7\u00f5es s\u00e3o apenas para refer\u00eancia geral. Como resultado dos avan\u00e7os e desenvolvimentos m\u00e9dicos cont\u00ednuos, as informa\u00e7\u00f5es podem nem sempre estar completamente atualizadas e, por isso, tais informa\u00e7\u00f5es s\u00e3o fornecidas \u201ccomo est\u00e3o\u201d e \u201cconforme dispon\u00edveis\u201d. Este site n\u00e3o deve ser usado ou [&hellip;]<\/p>\n","protected":false},"author":1,"featured_media":0,"parent":0,"menu_order":0,"comment_status":"closed","ping_status":"closed","template":"template-master-legales.php","meta":{"footnotes":""},"class_list":["post-266","page","type-page","status-publish","hentry"],"yoast_head":"<!-- This site is optimized with the Yoast SEO plugin v25.1 - https:\/\/yoast.com\/wordpress\/plugins\/seo\/ -->\n<title>Isen\u00e7\u00e3o de Responsabilidade Legal - Thyroid Br<\/title>\n<meta name=\"robots\" content=\"index, follow, max-snippet:-1, max-image-preview:large, max-video-preview:-1\" \/>\n<link rel=\"canonical\" href=\"https:\/\/dev-merck-ml.digitasproject.com\/br\/disclaimer\/\" \/>\n<meta property=\"og:locale\" content=\"pt_BR\" \/>\n<meta property=\"og:type\" content=\"article\" \/>\n<meta property=\"og:title\" content=\"Isen\u00e7\u00e3o de Responsabilidade Legal - Thyroid Br\" \/>\n<meta property=\"og:description\" content=\"Data da revis\u00e3o: Fevereiro de 2022 Ao ler este site, lembre-se de que as informa\u00e7\u00f5es s\u00e3o apenas para refer\u00eancia geral. Como resultado dos avan\u00e7os e desenvolvimentos m\u00e9dicos cont\u00ednuos, as informa\u00e7\u00f5es podem nem sempre estar completamente atualizadas e, por isso, tais informa\u00e7\u00f5es s\u00e3o fornecidas \u201ccomo est\u00e3o\u201d e \u201cconforme dispon\u00edveis\u201d. Este site n\u00e3o deve ser usado ou [&hellip;]\" \/>\n<meta property=\"og:url\" content=\"https:\/\/dev-merck-ml.digitasproject.com\/br\/disclaimer\/\" \/>\n<meta property=\"og:site_name\" content=\"Thyroid Br\" \/>\n<meta property=\"article:modified_time\" content=\"2022-05-13T17:55:56+00:00\" \/>\n<meta name=\"twitter:card\" content=\"summary_large_image\" \/>\n<meta name=\"twitter:label1\" content=\"Est. tempo de leitura\" \/>\n\t<meta name=\"twitter:data1\" content=\"1 minuto\" \/>\n<script type=\"application\/ld+json\" class=\"yoast-schema-graph\">{\"@context\":\"https:\/\/schema.org\",\"@graph\":[{\"@type\":\"WebPage\",\"@id\":\"https:\/\/dev-merck-ml.digitasproject.com\/br\/disclaimer\/\",\"url\":\"https:\/\/dev-merck-ml.digitasproject.com\/br\/disclaimer\/\",\"name\":\"Isen\u00e7\u00e3o de Responsabilidade Legal - Thyroid Br\",\"isPartOf\":{\"@id\":\"https:\/\/dev-merck-ml.digitasproject.com\/br\/#website\"},\"datePublished\":\"2022-01-28T20:44:57+00:00\",\"dateModified\":\"2022-05-13T17:55:56+00:00\",\"breadcrumb\":{\"@id\":\"https:\/\/dev-merck-ml.digitasproject.com\/br\/disclaimer\/#breadcrumb\"},\"inLanguage\":\"pt-BR\",\"potentialAction\":[{\"@type\":\"ReadAction\",\"target\":[\"https:\/\/dev-merck-ml.digitasproject.com\/br\/disclaimer\/\"]}]},{\"@type\":\"BreadcrumbList\",\"@id\":\"https:\/\/dev-merck-ml.digitasproject.com\/br\/disclaimer\/#breadcrumb\",\"itemListElement\":[{\"@type\":\"ListItem\",\"position\":1,\"name\":\"Home\",\"item\":\"https:\/\/dev-merck-ml.digitasproject.com\/br\/\"},{\"@type\":\"ListItem\",\"position\":2,\"name\":\"Isen\u00e7\u00e3o de Responsabilidade Legal\"}]},{\"@type\":\"WebSite\",\"@id\":\"https:\/\/dev-merck-ml.digitasproject.com\/br\/#website\",\"url\":\"https:\/\/dev-merck-ml.digitasproject.com\/br\/\",\"name\":\"Thyroid Br\",\"description\":\"Otro sitio realizado con WordPress\",\"potentialAction\":[{\"@type\":\"SearchAction\",\"target\":{\"@type\":\"EntryPoint\",\"urlTemplate\":\"https:\/\/dev-merck-ml.digitasproject.com\/br\/?s={search_term_string}\"},\"query-input\":{\"@type\":\"PropertyValueSpecification\",\"valueRequired\":true,\"valueName\":\"search_term_string\"}}],\"inLanguage\":\"pt-BR\"}]}<\/script>\n<!-- \/ Yoast SEO plugin. -->","yoast_head_json":{"title":"Isen\u00e7\u00e3o de Responsabilidade Legal - Thyroid Br","robots":{"index":"index","follow":"follow","max-snippet":"max-snippet:-1","max-image-preview":"max-image-preview:large","max-video-preview":"max-video-preview:-1"},"canonical":"https:\/\/dev-merck-ml.digitasproject.com\/br\/disclaimer\/","og_locale":"pt_BR","og_type":"article","og_title":"Isen\u00e7\u00e3o de Responsabilidade Legal - Thyroid Br","og_description":"Data da revis\u00e3o: Fevereiro de 2022 Ao ler este site, lembre-se de que as informa\u00e7\u00f5es s\u00e3o apenas para refer\u00eancia geral. Como resultado dos avan\u00e7os e desenvolvimentos m\u00e9dicos cont\u00ednuos, as informa\u00e7\u00f5es podem nem sempre estar completamente atualizadas e, por isso, tais informa\u00e7\u00f5es s\u00e3o fornecidas \u201ccomo est\u00e3o\u201d e \u201cconforme dispon\u00edveis\u201d. Este site n\u00e3o deve ser usado ou [&hellip;]","og_url":"https:\/\/dev-merck-ml.digitasproject.com\/br\/disclaimer\/","og_site_name":"Thyroid Br","article_modified_time":"2022-05-13T17:55:56+00:00","twitter_card":"summary_large_image","twitter_misc":{"Est. tempo de leitura":"1 minuto"},"schema":{"@context":"https:\/\/schema.org","@graph":[{"@type":"WebPage","@id":"https:\/\/dev-merck-ml.digitasproject.com\/br\/disclaimer\/","url":"https:\/\/dev-merck-ml.digitasproject.com\/br\/disclaimer\/","name":"Isen\u00e7\u00e3o de Responsabilidade Legal - Thyroid Br","isPartOf":{"@id":"https:\/\/dev-merck-ml.digitasproject.com\/br\/#website"},"datePublished":"2022-01-28T20:44:57+00:00","dateModified":"2022-05-13T17:55:56+00:00","breadcrumb":{"@id":"https:\/\/dev-merck-ml.digitasproject.com\/br\/disclaimer\/#breadcrumb"},"inLanguage":"pt-BR","potentialAction":[{"@type":"ReadAction","target":["https:\/\/dev-merck-ml.digitasproject.com\/br\/disclaimer\/"]}]},{"@type":"BreadcrumbList","@id":"https:\/\/dev-merck-ml.digitasproject.com\/br\/disclaimer\/#breadcrumb","itemListElement":[{"@type":"ListItem","position":1,"name":"Home","item":"https:\/\/dev-merck-ml.digitasproject.com\/br\/"},{"@type":"ListItem","position":2,"name":"Isen\u00e7\u00e3o de Responsabilidade Legal"}]},{"@type":"WebSite","@id":"https:\/\/dev-merck-ml.digitasproject.com\/br\/#website","url":"https:\/\/dev-merck-ml.digitasproject.com\/br\/","name":"Thyroid Br","description":"Otro sitio realizado con WordPress","potentialAction":[{"@type":"SearchAction","target":{"@type":"EntryPoint","urlTemplate":"https:\/\/dev-merck-ml.digitasproject.com\/br\/?s={search_term_string}"},"query-input":{"@type":"PropertyValueSpecification","valueRequired":true,"valueName":"search_term_string"}}],"inLanguage":"pt-BR"}]}},"_links":{"self":[{"href":"https:\/\/dev-merck-ml.digitasproject.com\/br\/wp-json\/wp\/v2\/pages\/266","targetHints":{"allow":["GET"]}}],"collection":[{"href":"https:\/\/dev-merck-ml.digitasproject.com\/br\/wp-json\/wp\/v2\/pages"}],"about":[{"href":"https:\/\/dev-merck-ml.digitasproject.com\/br\/wp-json\/wp\/v2\/types\/page"}],"author":[{"embeddable":true,"href":"https:\/\/dev-merck-ml.digitasproject.com\/br\/wp-json\/wp\/v2\/users\/1"}],"replies":[{"embeddable":true,"href":"https:\/\/dev-merck-ml.digitasproject.com\/br\/wp-json\/wp\/v2\/comments?post=266"}],"version-history":[{"count":6,"href":"https:\/\/dev-merck-ml.digitasproject.com\/br\/wp-json\/wp\/v2\/pages\/266\/revisions"}],"predecessor-version":[{"id":967,"href":"https:\/\/dev-merck-ml.digitasproject.com\/br\/wp-json\/wp\/v2\/pages\/266\/revisions\/967"}],"wp:attachment":[{"href":"https:\/\/dev-merck-ml.digitasproject.com\/br\/wp-json\/wp\/v2\/media?parent=266"}],"curies":[{"name":"wp","href":"https:\/\/api.w.org\/{rel}","templated":true}]}}