{"id":38,"date":"2022-01-17T16:20:53","date_gmt":"2022-01-17T16:20:53","guid":{"rendered":"https:\/\/dev-merck-ml.digitasproject.com\/br\/?page_id=38"},"modified":"2024-11-11T13:45:37","modified_gmt":"2024-11-11T16:45:37","slug":"home","status":"publish","type":"page","link":"https:\/\/dev-merck-ml.digitasproject.com\/br\/","title":{"rendered":"Home"},"content":{"rendered":"<section class=\"container-fluid banner\">\n      <section class=\"row\">\n       <section class=\"col-lg-6 left\">\n       <div style=\"fill:#2bf3f7ff;\">\n         <svg viewBox=\"0 0 200 200\" xmlns=\"http:\/\/www.w3.org\/2000\/svg\">\n           <path d=\"M44.9,-78.5C57.9,-70.2,68.1,-57.7,75.5,-43.9C82.8,-30.1,87.3,-15.1,88.4,0.6C89.5,16.3,87.2,32.7,80.2,47C73.2,61.4,61.5,73.9,47.4,81.3C33.2,88.8,16.6,91.2,0.8,89.8C-15,88.4,-30,83.2,-44.2,75.8C-58.4,68.4,-71.7,58.7,-79.2,45.7C-86.8,32.7,-88.6,16.4,-88.4,0.1C-88.2,-16.1,-86,-32.2,-79.2,-46.6C-72.5,-61,-61.2,-73.7,-47.2,-81.5C-33.3,-89.2,-16.6,-92,-0.4,-91.4C15.9,-90.8,31.8,-86.8,44.9,-78.5Z\" transform=\"translate(100 100)\"><\/path>\n         <\/svg>\n       <\/div>\n       <img decoding=\"async\" class=\"img-fluid d-block mx-auto img_general\" src=\"https:\/\/dev-merck-ml.digitasproject.com\/br\/wp-content\/uploads\/sites\/24\/2022\/01\/symptom-checker-illustration-1.png\" alt=\"complete-our-short-symptom-checker-now-thyroid-image-front\">\n       <\/section>\n       <section class=\"col-lg-6 rigth\">\n         <p>Sente desconfortos que podem indicar problemas na <span style=\"color: #5704e8;\">tireoide<\/span>?<\/p>\n\n         <p>Preencha agora nosso verificador de sintomas \u2013 \u00e9 r\u00e1pido e f\u00e1cil!<\/p>\n         <a href=\"https:\/\/dev-merck-ml.digitasproject.com\/br\/symptom-checker\/\">\n           <button id=\"home-event-quiz\" class=\"btn position-relative d-flex justify-content-center align-items-center\" type=\"submit\">\n             Saiba mais\n           <\/button>\n         <\/a>\n       <\/section>\n     <\/section>\n    <\/section>\n\n\n\t\t\t<section class=\"container-fluid subbanner\" style=\"background-color:#FE369C;\">\n\t\t\t\t<section class=\"row\">\n\t\t\t\t\t<section class=\"col-12 offset-lg-2 col-lg-4 d-flex justify-content-center align-items-start flex-column\">\n\t\t\t\t\t\t<p class=\"text1\">A <span style=\"color:#5700E6\">tireoide<\/span> \u00e9 uma gl\u00e2ndula em formato de borboleta localizada na base do pesco\u00e7o<\/p>\n\t\t\t\t\t\t<p class=\"text2\">Esse \u00f3rg\u00e3o funciona como um <span style=\"color:#5700E6\">grande controlador<\/span> do metabolismo, sendo fundamental para nossa sa\u00fade e bem-estar<\/p>\n\t\t\t\t\t\t<a class=\"btn position-relative btn1\" style=\"background-color:#5700E6 ;color: #FFFFFF  ;\" href=\"br\/a-tireoide\/\">\n              Leia mais\t\t\t\t\t\t\t<svg xmlns=\"http:\/\/www.w3.org\/2000\/svg\" viewBox=\"0 0 24 24\">\n\t\t\t\t\t\t\t  <g id=\"arrow\" transform=\"translate(-1150 -592)\">\n\t\t\t\t\t\t\t    <circle id=\"Ellipse_1\" data-name=\"Ellipse 1\" cx=\"12\" cy=\"12\" r=\"12\" transform=\"translate(1150 592)\" fill=\"#FFFFFF\"\/>\n\t\t\t\t\t\t\t    <g id=\"arrow-right\" transform=\"translate(11.5 -41.5)\">\n\t\t\t\t\t\t\t      <path id=\"Path_17\" data-name=\"Path 17\" d=\"M6.5.5l4,4-4,4\" transform=\"translate(1145 641)\" fill=\"none\" stroke=\"#5700E6\" stroke-linecap=\"round\" stroke-linejoin=\"round\" stroke-width=\"1\"\/>\n\t\t\t\t\t\t\t      <line id=\"Line_1\" data-name=\"Line 1\" x2=\"10\" transform=\"translate(1145.5 645.5)\" fill=\"none\" stroke=\"#5700E6\" stroke-linecap=\"round\" stroke-width=\"1\"\/>\n\t\t\t\t\t\t\t    <\/g>\n\t\t\t\t\t\t\t  <\/g>\n\t\t\t\t\t\t\t<\/svg>\n\t\t\t\t\t\t<\/a>\n\t\t\t\t\t\t<a class=\"btn position-relative btn2\" style=\"background-color:#FFFFFF ;color: #5700E6  ;\" href=\"br\/a-tireoide\/\">\n\t\t\t\t\t\t\tLeia mais\t\t\t\t\t\t\t<svg xmlns=\"http:\/\/www.w3.org\/2000\/svg\" viewBox=\"0 0 24 24\">\n\t\t\t\t\t\t\t\t<g id=\"arrow\" transform=\"translate(-1150 -592)\">\n\t\t\t\t\t\t\t\t\t<circle id=\"Ellipse_1\" data-name=\"Ellipse 1\" cx=\"12\" cy=\"12\" r=\"12\" transform=\"translate(1150 592)\" fill=\"#5700E6\"\/>\n\t\t\t\t\t\t\t\t\t<g id=\"arrow-right\" transform=\"translate(11.5 -41.5)\">\n\t\t\t\t\t\t\t\t\t\t<path id=\"Path_17\" data-name=\"Path 17\" d=\"M6.5.5l4,4-4,4\" transform=\"translate(1145 641)\" fill=\"none\" stroke=\"#FFFFFF\" stroke-linecap=\"round\" stroke-linejoin=\"round\" stroke-width=\"1\"\/>\n\t\t\t\t\t\t\t\t\t\t<line id=\"Line_1\" data-name=\"Line 1\" x2=\"10\" transform=\"translate(1145.5 645.5)\" fill=\"none\" stroke=\"#FFFFFF\" stroke-linecap=\"round\" stroke-width=\"1\"\/>\n\t\t\t\t\t\t\t\t\t<\/g>\n\t\t\t\t\t\t\t\t<\/g>\n\t\t\t\t\t\t\t<\/svg>\n\t\t\t\t\t\t<\/a>\n\t\t\t\t\t<\/section>\n\t\t\t\t\t<section class=\"col-12 col-lg-6 d-flex justify-content-start align-items-center\">\n\t\t\t\t\t\t<img loading=\"lazy\" decoding=\"async\" class=\"img-fluid d-block rigth-image\" src=\"https:\/\/dev-merck-ml.digitasproject.com\/br\/wp-content\/uploads\/sites\/24\/2022\/01\/the-thyroid-illustration.png\" alt=\"banner pleca home thyroid\" width=\"621\" height=\"420\">\n\t\t\t\t\t<\/section>\n\t\t\t\t<\/section>\n\t\t\t<\/section>\n\n\n        <section class=\"container-fluid sentence\">\n          <section class=\"row\">\n            <section class=\"col-12 d-flex justify-content-center align-items-center flex-column\">\n              <section class=\"d-flex justify-content-center align-items-center flex-column white-box\">\n                <span><\/span>\n                <p class=\"text1\">\u201cComo presidente da Federa\u00e7\u00e3o Internacional da Tireoide (Thyroid Federation International), te encorajo a pensar cuidadosamente se voc\u00ea ou algu\u00e9m que voc\u00ea conhece pode estar sofrendo com um dist\u00farbio de tireoide. Caso voc\u00ea suspeite dessa condi\u00e7\u00e3o, procure um m\u00e9dico e solicite a realiza\u00e7\u00e3o de um simples exame de sangue. Nas m\u00e3os de um profissional de sa\u00fade, dist\u00farbios de tireoide podem ser tratados e controlados.\u201d<\/p>\n                <p class=\"text2\">\u2014 Ashok Bhaseen, presidente da Federa\u00e7\u00e3o Internacional da Tireoide<\/p>\n              <\/section>\n            <\/section>\n          <\/section>\n        <\/section>\n\n\n      <section class=\"container-fluid piedepagina\">\n        <section class=\"row\">\n          <section class=\"col-12\">\n            <p class=\"text1\">BR-EUT-00916 MAIO\/24<br>&nbsp;<span>Merck Brasil &#8211; Brasil | Avenida das Na\u00e7\u00f5es Unidas, 12.995 &#8211; 31\u00b0 andar, Brooklin Paulista, S\u00e3o Paulo &#8211; SP |<br>CEP: 04578-911 Brasil.<\/span><\/p> \n          <\/section>\n        <\/section>\n      <\/section>\n","protected":false},"excerpt":{"rendered":"","protected":false},"author":1,"featured_media":0,"parent":0,"menu_order":0,"comment_status":"closed","ping_status":"closed","template":"","meta":{"footnotes":""},"class_list":["post-38","page","type-page","status-publish","hentry"],"yoast_head":"<!-- This site is optimized with the Yoast SEO plugin v25.1 - https:\/\/yoast.com\/wordpress\/plugins\/seo\/ -->\n<title>Home - Thyroid Br<\/title>\n<meta name=\"description\" content=\"A gl\u00e2ndula da tireoide \u00e9 o &quot;controlador mestre&quot; do metabolismo, exercendo um papel fundamental na nossa sa\u00fade e bem-estar.\" \/>\n<meta name=\"robots\" content=\"index, follow, max-snippet:-1, max-image-preview:large, max-video-preview:-1\" \/>\n<link rel=\"canonical\" href=\"https:\/\/dev-merck-ml.digitasproject.com\/br\/\" \/>\n<meta property=\"og:locale\" content=\"pt_BR\" \/>\n<meta property=\"og:type\" content=\"article\" \/>\n<meta property=\"og:title\" content=\"Home\" \/>\n<meta property=\"og:description\" content=\"A gl\u00e2ndula da tireoide \u00e9 o &quot;controlador mestre&quot; do metabolismo, exercendo um papel fundamental na nossa sa\u00fade e bem-estar.\" \/>\n<meta property=\"og:url\" content=\"https:\/\/dev-merck-ml.digitasproject.com\/br\/\" \/>\n<meta property=\"og:site_name\" content=\"Thyroid Br\" \/>\n<meta property=\"article:modified_time\" content=\"2024-11-11T16:45:37+00:00\" \/>\n<meta property=\"og:image\" content=\"https:\/\/dev-merck-ml.digitasproject.com\/br\/wp-content\/uploads\/sites\/24\/2022\/01\/symptom-checker-illustration-1.png\" \/>\n\t<meta property=\"og:image:width\" content=\"1024\" \/>\n\t<meta property=\"og:image:height\" content=\"789\" \/>\n\t<meta property=\"og:image:type\" content=\"image\/png\" \/>\n<meta name=\"twitter:card\" content=\"summary_large_image\" \/>\n<meta name=\"twitter:title\" content=\"Home\" \/>\n<meta name=\"twitter:description\" content=\"A gl\u00e2ndula da tireoide \u00e9 o &quot;controlador mestre&quot; do metabolismo, exercendo um papel fundamental na nossa sa\u00fade e bem-estar.\" \/>\n<meta name=\"twitter:image\" content=\"https:\/\/dev-merck-ml.digitasproject.com\/br\/wp-content\/uploads\/sites\/24\/2022\/01\/symptom-checker-illustration-1.png\" \/>\n<meta name=\"twitter:label1\" content=\"Est. tempo de leitura\" \/>\n\t<meta name=\"twitter:data1\" content=\"1 minuto\" \/>\n<script type=\"application\/ld+json\" class=\"yoast-schema-graph\">{\"@context\":\"https:\/\/schema.org\",\"@graph\":[{\"@type\":\"WebPage\",\"@id\":\"https:\/\/dev-merck-ml.digitasproject.com\/br\/\",\"url\":\"https:\/\/dev-merck-ml.digitasproject.com\/br\/\",\"name\":\"Home - Thyroid Br\",\"isPartOf\":{\"@id\":\"https:\/\/dev-merck-ml.digitasproject.com\/br\/#website\"},\"datePublished\":\"2022-01-17T16:20:53+00:00\",\"dateModified\":\"2024-11-11T16:45:37+00:00\",\"description\":\"A gl\u00e2ndula da tireoide \u00e9 o \\\"controlador mestre\\\" do metabolismo, exercendo um papel fundamental na nossa sa\u00fade e bem-estar.\",\"breadcrumb\":{\"@id\":\"https:\/\/dev-merck-ml.digitasproject.com\/br\/#breadcrumb\"},\"inLanguage\":\"pt-BR\",\"potentialAction\":[{\"@type\":\"ReadAction\",\"target\":[\"https:\/\/dev-merck-ml.digitasproject.com\/br\/\"]}]},{\"@type\":\"BreadcrumbList\",\"@id\":\"https:\/\/dev-merck-ml.digitasproject.com\/br\/#breadcrumb\",\"itemListElement\":[{\"@type\":\"ListItem\",\"position\":1,\"name\":\"Home\",\"item\":\"https:\/\/dev-merck-ml.digitasproject.com\/br\/\"},{\"@type\":\"ListItem\",\"position\":2,\"name\":\"Home\"}]},{\"@type\":\"WebSite\",\"@id\":\"https:\/\/dev-merck-ml.digitasproject.com\/br\/#website\",\"url\":\"https:\/\/dev-merck-ml.digitasproject.com\/br\/\",\"name\":\"Thyroid Br\",\"description\":\"Otro sitio realizado con WordPress\",\"potentialAction\":[{\"@type\":\"SearchAction\",\"target\":{\"@type\":\"EntryPoint\",\"urlTemplate\":\"https:\/\/dev-merck-ml.digitasproject.com\/br\/?s={search_term_string}\"},\"query-input\":{\"@type\":\"PropertyValueSpecification\",\"valueRequired\":true,\"valueName\":\"search_term_string\"}}],\"inLanguage\":\"pt-BR\"}]}<\/script>\n<!-- \/ Yoast SEO plugin. -->","yoast_head_json":{"title":"Home - Thyroid Br","description":"A gl\u00e2ndula da tireoide \u00e9 o \"controlador mestre\" do metabolismo, exercendo um papel fundamental na nossa sa\u00fade e bem-estar.","robots":{"index":"index","follow":"follow","max-snippet":"max-snippet:-1","max-image-preview":"max-image-preview:large","max-video-preview":"max-video-preview:-1"},"canonical":"https:\/\/dev-merck-ml.digitasproject.com\/br\/","og_locale":"pt_BR","og_type":"article","og_title":"Home","og_description":"A gl\u00e2ndula da tireoide \u00e9 o \"controlador mestre\" do metabolismo, exercendo um papel fundamental na nossa sa\u00fade e bem-estar.","og_url":"https:\/\/dev-merck-ml.digitasproject.com\/br\/","og_site_name":"Thyroid Br","article_modified_time":"2024-11-11T16:45:37+00:00","og_image":[{"width":1024,"height":789,"url":"https:\/\/dev-merck-ml.digitasproject.com\/br\/wp-content\/uploads\/sites\/24\/2022\/01\/symptom-checker-illustration-1.png","type":"image\/png"}],"twitter_card":"summary_large_image","twitter_title":"Home","twitter_description":"A gl\u00e2ndula da tireoide \u00e9 o \"controlador mestre\" do metabolismo, exercendo um papel fundamental na nossa sa\u00fade e bem-estar.","twitter_image":"https:\/\/dev-merck-ml.digitasproject.com\/br\/wp-content\/uploads\/sites\/24\/2022\/01\/symptom-checker-illustration-1.png","twitter_misc":{"Est. tempo de leitura":"1 minuto"},"schema":{"@context":"https:\/\/schema.org","@graph":[{"@type":"WebPage","@id":"https:\/\/dev-merck-ml.digitasproject.com\/br\/","url":"https:\/\/dev-merck-ml.digitasproject.com\/br\/","name":"Home - Thyroid Br","isPartOf":{"@id":"https:\/\/dev-merck-ml.digitasproject.com\/br\/#website"},"datePublished":"2022-01-17T16:20:53+00:00","dateModified":"2024-11-11T16:45:37+00:00","description":"A gl\u00e2ndula da tireoide \u00e9 o \"controlador mestre\" do metabolismo, exercendo um papel fundamental na nossa sa\u00fade e bem-estar.","breadcrumb":{"@id":"https:\/\/dev-merck-ml.digitasproject.com\/br\/#breadcrumb"},"inLanguage":"pt-BR","potentialAction":[{"@type":"ReadAction","target":["https:\/\/dev-merck-ml.digitasproject.com\/br\/"]}]},{"@type":"BreadcrumbList","@id":"https:\/\/dev-merck-ml.digitasproject.com\/br\/#breadcrumb","itemListElement":[{"@type":"ListItem","position":1,"name":"Home","item":"https:\/\/dev-merck-ml.digitasproject.com\/br\/"},{"@type":"ListItem","position":2,"name":"Home"}]},{"@type":"WebSite","@id":"https:\/\/dev-merck-ml.digitasproject.com\/br\/#website","url":"https:\/\/dev-merck-ml.digitasproject.com\/br\/","name":"Thyroid Br","description":"Otro sitio realizado con WordPress","potentialAction":[{"@type":"SearchAction","target":{"@type":"EntryPoint","urlTemplate":"https:\/\/dev-merck-ml.digitasproject.com\/br\/?s={search_term_string}"},"query-input":{"@type":"PropertyValueSpecification","valueRequired":true,"valueName":"search_term_string"}}],"inLanguage":"pt-BR"}]}},"_links":{"self":[{"href":"https:\/\/dev-merck-ml.digitasproject.com\/br\/wp-json\/wp\/v2\/pages\/38","targetHints":{"allow":["GET"]}}],"collection":[{"href":"https:\/\/dev-merck-ml.digitasproject.com\/br\/wp-json\/wp\/v2\/pages"}],"about":[{"href":"https:\/\/dev-merck-ml.digitasproject.com\/br\/wp-json\/wp\/v2\/types\/page"}],"author":[{"embeddable":true,"href":"https:\/\/dev-merck-ml.digitasproject.com\/br\/wp-json\/wp\/v2\/users\/1"}],"replies":[{"embeddable":true,"href":"https:\/\/dev-merck-ml.digitasproject.com\/br\/wp-json\/wp\/v2\/comments?post=38"}],"version-history":[{"count":67,"href":"https:\/\/dev-merck-ml.digitasproject.com\/br\/wp-json\/wp\/v2\/pages\/38\/revisions"}],"predecessor-version":[{"id":1049,"href":"https:\/\/dev-merck-ml.digitasproject.com\/br\/wp-json\/wp\/v2\/pages\/38\/revisions\/1049"}],"wp:attachment":[{"href":"https:\/\/dev-merck-ml.digitasproject.com\/br\/wp-json\/wp\/v2\/media?parent=38"}],"curies":[{"name":"wp","href":"https:\/\/api.w.org\/{rel}","templated":true}]}}