{"id":42,"date":"2022-01-17T16:21:43","date_gmt":"2022-01-17T16:21:43","guid":{"rendered":"https:\/\/dev-merck-ml.digitasproject.com\/br\/?page_id=42"},"modified":"2024-06-19T12:56:50","modified_gmt":"2024-06-19T15:56:50","slug":"sua-saude","status":"publish","type":"page","link":"https:\/\/dev-merck-ml.digitasproject.com\/br\/sua-saude\/","title":{"rendered":"Sua Sa\u00fade"},"content":{"rendered":"\n<h1 class=\"wp-block-heading\"><strong>Sua <\/strong><span style=\"color:#8416ae\" class=\"has-inline-color\">Sa\u00fade<\/span><\/h1>\n\n\n\n<p>A tireoide \u00e9 uma gl\u00e2ndula pequena, mas seu impacto \u00e9 grande<\/p>\n","protected":false},"excerpt":{"rendered":"<p>Sua Sa\u00fade A tireoide \u00e9 uma gl\u00e2ndula pequena, mas seu impacto \u00e9 grande<\/p>\n","protected":false},"author":1,"featured_media":0,"parent":0,"menu_order":0,"comment_status":"closed","ping_status":"closed","template":"template-page-health.php","meta":{"footnotes":""},"class_list":["post-42","page","type-page","status-publish","hentry"],"yoast_head":"<!-- This site is optimized with the Yoast SEO plugin v25.1 - https:\/\/yoast.com\/wordpress\/plugins\/seo\/ -->\n<title>Sua Sa\u00fade - Thyroid Br<\/title>\n<meta name=\"robots\" content=\"index, follow, max-snippet:-1, max-image-preview:large, max-video-preview:-1\" \/>\n<link rel=\"canonical\" href=\"https:\/\/dev-merck-ml.digitasproject.com\/br\/sua-saude\/\" \/>\n<meta property=\"og:locale\" content=\"pt_BR\" \/>\n<meta property=\"og:type\" content=\"article\" \/>\n<meta property=\"og:title\" content=\"Sua Sa\u00fade - Thyroid Br\" \/>\n<meta property=\"og:description\" content=\"Sua Sa\u00fade A tireoide \u00e9 uma gl\u00e2ndula pequena, mas seu impacto \u00e9 grande\" \/>\n<meta property=\"og:url\" content=\"https:\/\/dev-merck-ml.digitasproject.com\/br\/sua-saude\/\" \/>\n<meta property=\"og:site_name\" content=\"Thyroid Br\" \/>\n<meta property=\"article:modified_time\" content=\"2024-06-19T15:56:50+00:00\" \/>\n<meta name=\"twitter:card\" content=\"summary_large_image\" \/>\n<meta name=\"twitter:label1\" content=\"Est. tempo de leitura\" \/>\n\t<meta name=\"twitter:data1\" content=\"1 minuto\" \/>\n<script type=\"application\/ld+json\" class=\"yoast-schema-graph\">{\"@context\":\"https:\/\/schema.org\",\"@graph\":[{\"@type\":\"WebPage\",\"@id\":\"https:\/\/dev-merck-ml.digitasproject.com\/br\/sua-saude\/\",\"url\":\"https:\/\/dev-merck-ml.digitasproject.com\/br\/sua-saude\/\",\"name\":\"Sua Sa\u00fade - Thyroid Br\",\"isPartOf\":{\"@id\":\"https:\/\/dev-merck-ml.digitasproject.com\/br\/#website\"},\"datePublished\":\"2022-01-17T16:21:43+00:00\",\"dateModified\":\"2024-06-19T15:56:50+00:00\",\"breadcrumb\":{\"@id\":\"https:\/\/dev-merck-ml.digitasproject.com\/br\/sua-saude\/#breadcrumb\"},\"inLanguage\":\"pt-BR\",\"potentialAction\":[{\"@type\":\"ReadAction\",\"target\":[\"https:\/\/dev-merck-ml.digitasproject.com\/br\/sua-saude\/\"]}]},{\"@type\":\"BreadcrumbList\",\"@id\":\"https:\/\/dev-merck-ml.digitasproject.com\/br\/sua-saude\/#breadcrumb\",\"itemListElement\":[{\"@type\":\"ListItem\",\"position\":1,\"name\":\"Home\",\"item\":\"https:\/\/dev-merck-ml.digitasproject.com\/br\/\"},{\"@type\":\"ListItem\",\"position\":2,\"name\":\"Sua Sa\u00fade\"}]},{\"@type\":\"WebSite\",\"@id\":\"https:\/\/dev-merck-ml.digitasproject.com\/br\/#website\",\"url\":\"https:\/\/dev-merck-ml.digitasproject.com\/br\/\",\"name\":\"Thyroid Br\",\"description\":\"Otro sitio realizado con WordPress\",\"potentialAction\":[{\"@type\":\"SearchAction\",\"target\":{\"@type\":\"EntryPoint\",\"urlTemplate\":\"https:\/\/dev-merck-ml.digitasproject.com\/br\/?s={search_term_string}\"},\"query-input\":{\"@type\":\"PropertyValueSpecification\",\"valueRequired\":true,\"valueName\":\"search_term_string\"}}],\"inLanguage\":\"pt-BR\"}]}<\/script>\n<!-- \/ Yoast SEO plugin. -->","yoast_head_json":{"title":"Sua Sa\u00fade - Thyroid Br","robots":{"index":"index","follow":"follow","max-snippet":"max-snippet:-1","max-image-preview":"max-image-preview:large","max-video-preview":"max-video-preview:-1"},"canonical":"https:\/\/dev-merck-ml.digitasproject.com\/br\/sua-saude\/","og_locale":"pt_BR","og_type":"article","og_title":"Sua Sa\u00fade - Thyroid Br","og_description":"Sua Sa\u00fade A tireoide \u00e9 uma gl\u00e2ndula pequena, mas seu impacto \u00e9 grande","og_url":"https:\/\/dev-merck-ml.digitasproject.com\/br\/sua-saude\/","og_site_name":"Thyroid Br","article_modified_time":"2024-06-19T15:56:50+00:00","twitter_card":"summary_large_image","twitter_misc":{"Est. tempo de leitura":"1 minuto"},"schema":{"@context":"https:\/\/schema.org","@graph":[{"@type":"WebPage","@id":"https:\/\/dev-merck-ml.digitasproject.com\/br\/sua-saude\/","url":"https:\/\/dev-merck-ml.digitasproject.com\/br\/sua-saude\/","name":"Sua Sa\u00fade - Thyroid Br","isPartOf":{"@id":"https:\/\/dev-merck-ml.digitasproject.com\/br\/#website"},"datePublished":"2022-01-17T16:21:43+00:00","dateModified":"2024-06-19T15:56:50+00:00","breadcrumb":{"@id":"https:\/\/dev-merck-ml.digitasproject.com\/br\/sua-saude\/#breadcrumb"},"inLanguage":"pt-BR","potentialAction":[{"@type":"ReadAction","target":["https:\/\/dev-merck-ml.digitasproject.com\/br\/sua-saude\/"]}]},{"@type":"BreadcrumbList","@id":"https:\/\/dev-merck-ml.digitasproject.com\/br\/sua-saude\/#breadcrumb","itemListElement":[{"@type":"ListItem","position":1,"name":"Home","item":"https:\/\/dev-merck-ml.digitasproject.com\/br\/"},{"@type":"ListItem","position":2,"name":"Sua Sa\u00fade"}]},{"@type":"WebSite","@id":"https:\/\/dev-merck-ml.digitasproject.com\/br\/#website","url":"https:\/\/dev-merck-ml.digitasproject.com\/br\/","name":"Thyroid Br","description":"Otro sitio realizado con WordPress","potentialAction":[{"@type":"SearchAction","target":{"@type":"EntryPoint","urlTemplate":"https:\/\/dev-merck-ml.digitasproject.com\/br\/?s={search_term_string}"},"query-input":{"@type":"PropertyValueSpecification","valueRequired":true,"valueName":"search_term_string"}}],"inLanguage":"pt-BR"}]}},"_links":{"self":[{"href":"https:\/\/dev-merck-ml.digitasproject.com\/br\/wp-json\/wp\/v2\/pages\/42","targetHints":{"allow":["GET"]}}],"collection":[{"href":"https:\/\/dev-merck-ml.digitasproject.com\/br\/wp-json\/wp\/v2\/pages"}],"about":[{"href":"https:\/\/dev-merck-ml.digitasproject.com\/br\/wp-json\/wp\/v2\/types\/page"}],"author":[{"embeddable":true,"href":"https:\/\/dev-merck-ml.digitasproject.com\/br\/wp-json\/wp\/v2\/users\/1"}],"replies":[{"embeddable":true,"href":"https:\/\/dev-merck-ml.digitasproject.com\/br\/wp-json\/wp\/v2\/comments?post=42"}],"version-history":[{"count":6,"href":"https:\/\/dev-merck-ml.digitasproject.com\/br\/wp-json\/wp\/v2\/pages\/42\/revisions"}],"predecessor-version":[{"id":1017,"href":"https:\/\/dev-merck-ml.digitasproject.com\/br\/wp-json\/wp\/v2\/pages\/42\/revisions\/1017"}],"wp:attachment":[{"href":"https:\/\/dev-merck-ml.digitasproject.com\/br\/wp-json\/wp\/v2\/media?parent=42"}],"curies":[{"name":"wp","href":"https:\/\/api.w.org\/{rel}","templated":true}]}}