{"id":838,"date":"2022-04-06T20:50:38","date_gmt":"2022-04-07T03:50:38","guid":{"rendered":"https:\/\/dev-merck-ml.digitasproject.com\/br\/?page_id=838"},"modified":"2022-05-13T15:16:08","modified_gmt":"2022-05-13T18:16:08","slug":"legal-statement","status":"publish","type":"page","link":"https:\/\/dev-merck-ml.digitasproject.com\/br\/legal-statement\/","title":{"rendered":"Declara\u00e7\u00e3o legal"},"content":{"rendered":"\n<hr class=\"wp-block-separator\"\/>\n\n\n\n<p><strong>DADOS EDITORIAIS\/ISEN\u00c7\u00c3O DE RESPONSABILIDADE Legal<\/strong><strong><\/strong><\/p>\n\n\n\n<p>Dados Editoriais\/Isen\u00e7\u00e3o de Responsabilidade Legal<\/p>\n\n\n\n<h2 class=\"wp-block-heading\"><strong>CONTATO<\/strong><\/h2>\n\n\n\n<p>Merck KGaA<br>Frankfurter Strasse 250&nbsp;<br>64293 Darmstadt<br>Alemanha<\/p>\n\n\n\n<p>Tel.: +49 6151 72-0\u00a0<br>Telefax: +49 6151 72-2000<br>E-mail:\u00a0<a href=\"mailto:service@merckgroup.com\">service@merckgroup.com<\/a><\/p>\n\n\n\n<h4 class=\"wp-block-heading\"><strong>DETALHES<\/strong><\/h4>\n\n\n\n<p><strong>Natureza jur\u00eddica:<\/strong>&nbsp;Empresa com s\u00f3cios administradores&nbsp;<br><strong>Registro Comercial:<\/strong>&nbsp;HRB 6164<br>Amtsgericht Darmstadt<br><strong>Sede Social:<\/strong>&nbsp;Darmstadt&nbsp;<br><strong>Presidente do Conselho Fiscal:&nbsp;<\/strong>Dr. Wolfgang B\u00fcchele<\/p>\n\n\n\n<p><strong>Diretoria:<\/strong><br>Dr. Bel\u00e9n Garijo&nbsp;<em>(Presidente e CEO)&nbsp;<\/em><br>Dr. Kai Beckmann&nbsp;<em>(CEO de Eletr\u00f4nicos)<\/em><em><br><\/em>Peter Guenter (CEO de Assist\u00eancia M\u00e9dica)<br>Dr. Matthias Heinzel<em>&nbsp;(CEO de Ci\u00eancias da Vida)<\/em><em><br><\/em>Dr. Marcus Kuhnert&nbsp;<em>(CFO)&nbsp;<\/em>&nbsp;&nbsp;<\/p>\n\n\n\n<p><strong>N\u00famero de Identifica\u00e7\u00e3o do Imposto sobre Valor Agregado (ID IVA):<\/strong>&nbsp;DE 811850788&nbsp;<br><strong>Autoridade Governamental Competente:<\/strong>&nbsp;<em>Regierungspr\u00e4sidium Darmstadt<\/em> (Alemanha).<\/p>\n\n\n\n<p><strong>Respons\u00e1vel pelo Conte\u00fado<\/strong>\u00a0(\u00a7 55, item 2 do Tratado Interestadual Alem\u00e3o de Radiodifus\u00e3o (RStV)): Sandra Baur<br><br>Estes dados editoriais tamb\u00e9m s\u00e3o v\u00e1lidos para as plataformas de M\u00eddias Sociais do Grupo Merck, como para o site\u00a0<a href=\"https:\/\/www.facebook.com\/MerckGroup\" target=\"_blank\" rel=\"noreferrer noopener\">www.facebook.com\/MerckGroup<\/a>.<\/p>\n\n\n\n<p>Voc\u00ea tamb\u00e9m pode analisar nossa\u00a0<a href=\"https:\/\/dev-merck-ml.digitasproject.com\/br\/politica-privacidad\/\">declara\u00e7\u00e3o de privacidade<\/a>\u00a0para ver que levamos a prote\u00e7\u00e3o de dados e a confidencialidade muito a s\u00e9rio e em nosso site n\u00e3o fazemos mais uso\u00a0de suas contribui\u00e7\u00f5es de m\u00eddia social.<\/p>\n","protected":false},"excerpt":{"rendered":"<p>DADOS EDITORIAIS\/ISEN\u00c7\u00c3O DE RESPONSABILIDADE Legal Dados Editoriais\/Isen\u00e7\u00e3o de Responsabilidade Legal CONTATO Merck KGaAFrankfurter Strasse 250&nbsp;64293 DarmstadtAlemanha Tel.: +49 6151 72-0\u00a0Telefax: +49 6151 72-2000E-mail:\u00a0service@merckgroup.com DETALHES Natureza jur\u00eddica:&nbsp;Empresa com s\u00f3cios administradores&nbsp;Registro Comercial:&nbsp;HRB 6164Amtsgericht DarmstadtSede Social:&nbsp;Darmstadt&nbsp;Presidente do Conselho Fiscal:&nbsp;Dr. Wolfgang B\u00fcchele Diretoria:Dr. Bel\u00e9n Garijo&nbsp;(Presidente e CEO)&nbsp;Dr. Kai Beckmann&nbsp;(CEO de Eletr\u00f4nicos)Peter Guenter (CEO de Assist\u00eancia M\u00e9dica)Dr. Matthias Heinzel&nbsp;(CEO de [&hellip;]<\/p>\n","protected":false},"author":1,"featured_media":0,"parent":0,"menu_order":0,"comment_status":"closed","ping_status":"closed","template":"template-master-legales.php","meta":{"footnotes":""},"class_list":["post-838","page","type-page","status-publish","hentry"],"yoast_head":"<!-- This site is optimized with the Yoast SEO plugin v25.1 - https:\/\/yoast.com\/wordpress\/plugins\/seo\/ -->\n<title>Declara\u00e7\u00e3o legal - Thyroid Br<\/title>\n<meta name=\"robots\" content=\"index, follow, max-snippet:-1, max-image-preview:large, max-video-preview:-1\" \/>\n<link rel=\"canonical\" href=\"https:\/\/dev-merck-ml.digitasproject.com\/br\/legal-statement\/\" \/>\n<meta property=\"og:locale\" content=\"pt_BR\" \/>\n<meta property=\"og:type\" content=\"article\" \/>\n<meta property=\"og:title\" content=\"Declara\u00e7\u00e3o legal - Thyroid Br\" \/>\n<meta property=\"og:description\" content=\"DADOS EDITORIAIS\/ISEN\u00c7\u00c3O DE RESPONSABILIDADE Legal Dados Editoriais\/Isen\u00e7\u00e3o de Responsabilidade Legal CONTATO Merck KGaAFrankfurter Strasse 250&nbsp;64293 DarmstadtAlemanha Tel.: +49 6151 72-0\u00a0Telefax: +49 6151 72-2000E-mail:\u00a0service@merckgroup.com DETALHES Natureza jur\u00eddica:&nbsp;Empresa com s\u00f3cios administradores&nbsp;Registro Comercial:&nbsp;HRB 6164Amtsgericht DarmstadtSede Social:&nbsp;Darmstadt&nbsp;Presidente do Conselho Fiscal:&nbsp;Dr. Wolfgang B\u00fcchele Diretoria:Dr. Bel\u00e9n Garijo&nbsp;(Presidente e CEO)&nbsp;Dr. Kai Beckmann&nbsp;(CEO de Eletr\u00f4nicos)Peter Guenter (CEO de Assist\u00eancia M\u00e9dica)Dr. Matthias Heinzel&nbsp;(CEO de [&hellip;]\" \/>\n<meta property=\"og:url\" content=\"https:\/\/dev-merck-ml.digitasproject.com\/br\/legal-statement\/\" \/>\n<meta property=\"og:site_name\" content=\"Thyroid Br\" \/>\n<meta property=\"article:modified_time\" content=\"2022-05-13T18:16:08+00:00\" \/>\n<meta name=\"twitter:card\" content=\"summary_large_image\" \/>\n<meta name=\"twitter:label1\" content=\"Est. tempo de leitura\" \/>\n\t<meta name=\"twitter:data1\" content=\"1 minuto\" \/>\n<script type=\"application\/ld+json\" class=\"yoast-schema-graph\">{\"@context\":\"https:\/\/schema.org\",\"@graph\":[{\"@type\":\"WebPage\",\"@id\":\"https:\/\/dev-merck-ml.digitasproject.com\/br\/legal-statement\/\",\"url\":\"https:\/\/dev-merck-ml.digitasproject.com\/br\/legal-statement\/\",\"name\":\"Declara\u00e7\u00e3o legal - Thyroid Br\",\"isPartOf\":{\"@id\":\"https:\/\/dev-merck-ml.digitasproject.com\/br\/#website\"},\"datePublished\":\"2022-04-07T03:50:38+00:00\",\"dateModified\":\"2022-05-13T18:16:08+00:00\",\"breadcrumb\":{\"@id\":\"https:\/\/dev-merck-ml.digitasproject.com\/br\/legal-statement\/#breadcrumb\"},\"inLanguage\":\"pt-BR\",\"potentialAction\":[{\"@type\":\"ReadAction\",\"target\":[\"https:\/\/dev-merck-ml.digitasproject.com\/br\/legal-statement\/\"]}]},{\"@type\":\"BreadcrumbList\",\"@id\":\"https:\/\/dev-merck-ml.digitasproject.com\/br\/legal-statement\/#breadcrumb\",\"itemListElement\":[{\"@type\":\"ListItem\",\"position\":1,\"name\":\"Home\",\"item\":\"https:\/\/dev-merck-ml.digitasproject.com\/br\/\"},{\"@type\":\"ListItem\",\"position\":2,\"name\":\"Declara\u00e7\u00e3o legal\"}]},{\"@type\":\"WebSite\",\"@id\":\"https:\/\/dev-merck-ml.digitasproject.com\/br\/#website\",\"url\":\"https:\/\/dev-merck-ml.digitasproject.com\/br\/\",\"name\":\"Thyroid Br\",\"description\":\"Otro sitio realizado con WordPress\",\"potentialAction\":[{\"@type\":\"SearchAction\",\"target\":{\"@type\":\"EntryPoint\",\"urlTemplate\":\"https:\/\/dev-merck-ml.digitasproject.com\/br\/?s={search_term_string}\"},\"query-input\":{\"@type\":\"PropertyValueSpecification\",\"valueRequired\":true,\"valueName\":\"search_term_string\"}}],\"inLanguage\":\"pt-BR\"}]}<\/script>\n<!-- \/ Yoast SEO plugin. -->","yoast_head_json":{"title":"Declara\u00e7\u00e3o legal - Thyroid Br","robots":{"index":"index","follow":"follow","max-snippet":"max-snippet:-1","max-image-preview":"max-image-preview:large","max-video-preview":"max-video-preview:-1"},"canonical":"https:\/\/dev-merck-ml.digitasproject.com\/br\/legal-statement\/","og_locale":"pt_BR","og_type":"article","og_title":"Declara\u00e7\u00e3o legal - Thyroid Br","og_description":"DADOS EDITORIAIS\/ISEN\u00c7\u00c3O DE RESPONSABILIDADE Legal Dados Editoriais\/Isen\u00e7\u00e3o de Responsabilidade Legal CONTATO Merck KGaAFrankfurter Strasse 250&nbsp;64293 DarmstadtAlemanha Tel.: +49 6151 72-0\u00a0Telefax: +49 6151 72-2000E-mail:\u00a0service@merckgroup.com DETALHES Natureza jur\u00eddica:&nbsp;Empresa com s\u00f3cios administradores&nbsp;Registro Comercial:&nbsp;HRB 6164Amtsgericht DarmstadtSede Social:&nbsp;Darmstadt&nbsp;Presidente do Conselho Fiscal:&nbsp;Dr. Wolfgang B\u00fcchele Diretoria:Dr. Bel\u00e9n Garijo&nbsp;(Presidente e CEO)&nbsp;Dr. Kai Beckmann&nbsp;(CEO de Eletr\u00f4nicos)Peter Guenter (CEO de Assist\u00eancia M\u00e9dica)Dr. Matthias Heinzel&nbsp;(CEO de [&hellip;]","og_url":"https:\/\/dev-merck-ml.digitasproject.com\/br\/legal-statement\/","og_site_name":"Thyroid Br","article_modified_time":"2022-05-13T18:16:08+00:00","twitter_card":"summary_large_image","twitter_misc":{"Est. tempo de leitura":"1 minuto"},"schema":{"@context":"https:\/\/schema.org","@graph":[{"@type":"WebPage","@id":"https:\/\/dev-merck-ml.digitasproject.com\/br\/legal-statement\/","url":"https:\/\/dev-merck-ml.digitasproject.com\/br\/legal-statement\/","name":"Declara\u00e7\u00e3o legal - Thyroid Br","isPartOf":{"@id":"https:\/\/dev-merck-ml.digitasproject.com\/br\/#website"},"datePublished":"2022-04-07T03:50:38+00:00","dateModified":"2022-05-13T18:16:08+00:00","breadcrumb":{"@id":"https:\/\/dev-merck-ml.digitasproject.com\/br\/legal-statement\/#breadcrumb"},"inLanguage":"pt-BR","potentialAction":[{"@type":"ReadAction","target":["https:\/\/dev-merck-ml.digitasproject.com\/br\/legal-statement\/"]}]},{"@type":"BreadcrumbList","@id":"https:\/\/dev-merck-ml.digitasproject.com\/br\/legal-statement\/#breadcrumb","itemListElement":[{"@type":"ListItem","position":1,"name":"Home","item":"https:\/\/dev-merck-ml.digitasproject.com\/br\/"},{"@type":"ListItem","position":2,"name":"Declara\u00e7\u00e3o legal"}]},{"@type":"WebSite","@id":"https:\/\/dev-merck-ml.digitasproject.com\/br\/#website","url":"https:\/\/dev-merck-ml.digitasproject.com\/br\/","name":"Thyroid Br","description":"Otro sitio realizado con WordPress","potentialAction":[{"@type":"SearchAction","target":{"@type":"EntryPoint","urlTemplate":"https:\/\/dev-merck-ml.digitasproject.com\/br\/?s={search_term_string}"},"query-input":{"@type":"PropertyValueSpecification","valueRequired":true,"valueName":"search_term_string"}}],"inLanguage":"pt-BR"}]}},"_links":{"self":[{"href":"https:\/\/dev-merck-ml.digitasproject.com\/br\/wp-json\/wp\/v2\/pages\/838","targetHints":{"allow":["GET"]}}],"collection":[{"href":"https:\/\/dev-merck-ml.digitasproject.com\/br\/wp-json\/wp\/v2\/pages"}],"about":[{"href":"https:\/\/dev-merck-ml.digitasproject.com\/br\/wp-json\/wp\/v2\/types\/page"}],"author":[{"embeddable":true,"href":"https:\/\/dev-merck-ml.digitasproject.com\/br\/wp-json\/wp\/v2\/users\/1"}],"replies":[{"embeddable":true,"href":"https:\/\/dev-merck-ml.digitasproject.com\/br\/wp-json\/wp\/v2\/comments?post=838"}],"version-history":[{"count":6,"href":"https:\/\/dev-merck-ml.digitasproject.com\/br\/wp-json\/wp\/v2\/pages\/838\/revisions"}],"predecessor-version":[{"id":979,"href":"https:\/\/dev-merck-ml.digitasproject.com\/br\/wp-json\/wp\/v2\/pages\/838\/revisions\/979"}],"wp:attachment":[{"href":"https:\/\/dev-merck-ml.digitasproject.com\/br\/wp-json\/wp\/v2\/media?parent=838"}],"curies":[{"name":"wp","href":"https:\/\/api.w.org\/{rel}","templated":true}]}}