{"id":2,"date":"2021-12-20T16:49:00","date_gmt":"2021-12-20T16:49:00","guid":{"rendered":"https:\/\/dev-merck-ml.digitasproject.com\/es\/?page_id=2"},"modified":"2024-11-20T16:19:51","modified_gmt":"2024-11-20T22:19:51","slug":"terms-of-use","status":"publish","type":"page","link":"https:\/\/dev-merck-ml.digitasproject.com\/es\/terms-of-use\/","title":{"rendered":"T\u00e9rminos de uso"},"content":{"rendered":"\n<p>Este sitio web es operado por Merck Healthcare KGaA en Darmstadt, Alemania (en adelante tambi\u00e9n \u201cMerck\u201d, \u201cnosotros\u201d, \u201cnos\u201d o \u201cnuestro\u201d). Encontrar\u00e1 m\u00e1s detalles en el Aviso Legal [enlace al Aviso Legal Corporativo &#8211; <a href=\"https:\/\/www.merckgroup.com\/en\/legal-disclaimer.html\">https:\/\/www.merckgroup.com\/en\/legal-disclaimer.html <\/a>].<\/p>\n\n\n\n<p>Este sitio web tiene \u00fanicamente fines informativos y educativos generales y, aunque est\u00e1 disponible en diferentes idiomas, no es espec\u00edfico de ning\u00fan pa\u00eds. Al utilizar este sitio web usted declara que lo utiliza y su contenido bajo su propia responsabilidad<\/p>\n\n\n\n<p><strong><strong>Bajo ninguna circunstancia, este sitio web o su contenido puede utilizarse o entenderse como un sustituto del asesoramiento de un profesional de la salud y no debe utilizarse para el diagn\u00f3stico de ning\u00fan problema de salud o enfermedad. Los pacientes deben consultar siempre a un m\u00e9dico u otro profesional de la salud para obtener asesoramiento m\u00e9dico o informaci\u00f3n sobre el diagn\u00f3stico y el tratamiento. Si su situaci\u00f3n es grave, llame siempre al servicio de urgencias.<\/strong><\/strong><\/p>\n\n\n\n<h2 class=\"wp-block-heading\"><strong>1. <strong>Exclusi\u00f3n de responsabilidad<\/strong><\/strong><\/h2>\n\n\n\n<p>Hemos recopilado el contenido de esta p\u00e1gina web cuidadosamente y de acuerdo con el estado actual de los conocimientos. Sin embargo, no ofrecemos ninguna garant\u00eda, ni expresa ni t\u00e1cita, sobre la integridad o la exactitud de los datos facilitados en este sitio web. Tenga en cuenta, en particular, que los datos que proporcionamos pueden dejar de estar actualizados.<\/p>\n\n\n\n<p>El acceso y la utilizaci\u00f3n de este sitio web y de los sitios asociados o conectados a trav\u00e9s de enlaces se realizan por cuenta y riesgo del usuario. No aceptamos ninguna responsabilidad por p\u00e9rdidas, da\u00f1os o reclamaciones de indemnizaci\u00f3n debidos a la falta de datos o a su incorrecci\u00f3n. El sitio web y cualquier servicio disponible a trav\u00e9s de \u00e9l est\u00e1n disponibles \u00fanicamente para el uso personal del usuario y no para el uso comercial.<\/p>\n\n\n\n<h2 class=\"wp-block-heading\"><strong>2. <strong>Notas legales<\/strong><\/strong><\/h2>\n\n\n\n<p>Todos los derechos del sitio web o que se deriven del mismo ser\u00e1n de Merck Healthcare KGaA, Darmstadt, Alemania, sus filiales o licenciatarios.<\/p>\n\n\n\n<p>Podemos modificar este sitio web y\/o interrumpir su funcionamiento en cualquier momento sin previo aviso, ya sea en su totalidad o en partes, a su propia discreci\u00f3n y sin aceptar responsabilidad alguna. Merck tampoco tiene la obligaci\u00f3n de actualizar el contenido de este sitio web.<\/p>\n\n\n\n<p>A menos que se indique lo contrario, todos los detalles, documentos y presentaciones publicados en nuestro sitio web son propiedad exclusiva de Merck Healthcare KGaA en Darmstadt, Alemania, sus filiales o terceros que hayan autorizado su uso. A menos que se haya obtenido nuestro consentimiento por escrito (Departamento de Comunicaci\u00f3n Corporativa), no se autoriza la importaci\u00f3n de los contenidos publicados y protegidos por derechos de autor de nuestro sitio web a otros programas o sitios web ni el uso de dichos contenidos de ninguna otra manera.<\/p>\n\n\n\n<p>El acceso a este sitio web es p\u00fablico y no requiere registro. Por favor, tenga en cuenta que los usuarios pueden estar sujetos a las disposiciones de la legislaci\u00f3n local. Los usuarios internacionales deben respetar las disposiciones especiales de la legislaci\u00f3n local. Los usuarios de Estados Unidos est\u00e1n sujetos a las condiciones de uso de los sitios web de nuestras empresas estadounidenses.&nbsp;<\/p>\n\n\n\n<h2 class=\"wp-block-heading\"><strong>3. <strong>Datos personales<\/strong><\/strong><\/h2>\n\n\n\n<p>Nos preocupamos por garantizar la protecci\u00f3n de sus datos personales. Encontrar\u00e1 informaci\u00f3n sobre el uso de los datos personales en la<a href=\"https:\/\/dev-merck-ml.digitasproject.com\/es\/declaracion-de-privacidad-de-datos\/\"> Declaraci\u00f3n de privacidad<\/a>.<\/p>\n\n\n\n<h2 class=\"wp-block-heading\">4<strong>. <strong>Contenido<\/strong><\/strong><\/h2>\n\n\n\n<p>Este sitio web puede contener informaci\u00f3n general sobre condiciones m\u00e9dicas. Dicha informaci\u00f3n se proporciona \u00fanicamente con fines informativos, en ning\u00fan caso puede utilizarse o entenderse como sustituto del asesoramiento de un profesional sanitario y no debe utilizarse para el diagn\u00f3stico de ning\u00fan problema de salud o enfermedad. Los pacientes deben consultar siempre a un m\u00e9dico u otro profesional de la salud para obtener asesoramiento m\u00e9dico o informaci\u00f3n sobre el diagn\u00f3stico y el tratamiento.<\/p>\n\n\n\n<p>El sitio web tambi\u00e9n puede incluir enlaces a sitios web de terceros. Dichos enlaces se facilitan \u00fanicamente por comodidad. El contenido de los sitios web de terceros est\u00e1 fuera de nuestro control y no ofrecemos ninguna garant\u00eda ni representaci\u00f3n en cuanto a la exactitud o validez de dicha informaci\u00f3n. Los enlaces tampoco representan ning\u00fan tipo de apoyo o respaldo a los contenidos del sitio web enlazado. El acceso y el uso de los sitios conectados a trav\u00e9s de enlaces se realiza bajo la responsabilidad del usuario.<\/p>\n\n\n\n<p>Fecha de preparaci\u00f3n: Febrero de 2022<\/p>\n","protected":false},"excerpt":{"rendered":"<p>Este sitio web es operado por Merck Healthcare KGaA en Darmstadt, Alemania (en adelante tambi\u00e9n \u201cMerck\u201d, \u201cnosotros\u201d, \u201cnos\u201d o \u201cnuestro\u201d). Encontrar\u00e1 m\u00e1s detalles en el Aviso Legal [enlace al Aviso Legal Corporativo &#8211; https:\/\/www.merckgroup.com\/en\/legal-disclaimer.html ]. Este sitio web tiene \u00fanicamente fines informativos y educativos generales y, aunque est\u00e1 disponible en diferentes idiomas, no es espec\u00edfico [&hellip;]<\/p>\n","protected":false},"author":1,"featured_media":0,"parent":0,"menu_order":0,"comment_status":"closed","ping_status":"open","template":"template-master-legales.php","meta":{"footnotes":""},"class_list":["post-2","page","type-page","status-publish","hentry"],"yoast_head":"<!-- This site is optimized with the Yoast SEO plugin v25.1 - https:\/\/yoast.com\/wordpress\/plugins\/seo\/ -->\n<title>T\u00e9rminos de uso Merck Mide Tu Tiroides<\/title>\n<meta name=\"description\" content=\"T\u00e9rminos de uso de Mide Tu Tiroides: conoce nuestras pol\u00edticas y c\u00f3mo protegemos tu informaci\u00f3n aqu\u00ed.\" \/>\n<meta name=\"robots\" content=\"index, follow, max-snippet:-1, max-image-preview:large, max-video-preview:-1\" \/>\n<link rel=\"canonical\" href=\"https:\/\/dev-merck-ml.digitasproject.com\/es\/terms-of-use\/\" \/>\n<meta property=\"og:locale\" content=\"es_MX\" \/>\n<meta property=\"og:type\" content=\"article\" \/>\n<meta property=\"og:title\" content=\"T\u00e9rminos de uso Merck Mide Tu Tiroides\" \/>\n<meta property=\"og:description\" content=\"T\u00e9rminos de uso de Mide Tu Tiroides: conoce nuestras pol\u00edticas y c\u00f3mo protegemos tu informaci\u00f3n aqu\u00ed.\" \/>\n<meta property=\"og:url\" content=\"https:\/\/dev-merck-ml.digitasproject.com\/es\/terms-of-use\/\" \/>\n<meta property=\"og:site_name\" content=\"Thyroid Es\" \/>\n<meta property=\"article:modified_time\" content=\"2024-11-20T22:19:51+00:00\" \/>\n<meta name=\"twitter:card\" content=\"summary_large_image\" \/>\n<meta name=\"twitter:label1\" content=\"Tiempo de lectura\" \/>\n\t<meta name=\"twitter:data1\" content=\"4 minutos\" \/>\n<script type=\"application\/ld+json\" class=\"yoast-schema-graph\">{\"@context\":\"https:\/\/schema.org\",\"@graph\":[{\"@type\":\"WebPage\",\"@id\":\"https:\/\/dev-merck-ml.digitasproject.com\/es\/terms-of-use\/\",\"url\":\"https:\/\/dev-merck-ml.digitasproject.com\/es\/terms-of-use\/\",\"name\":\"T\u00e9rminos de uso Merck Mide Tu Tiroides\",\"isPartOf\":{\"@id\":\"https:\/\/dev-merck-ml.digitasproject.com\/es\/#website\"},\"datePublished\":\"2021-12-20T16:49:00+00:00\",\"dateModified\":\"2024-11-20T22:19:51+00:00\",\"description\":\"T\u00e9rminos de uso de Mide Tu Tiroides: conoce nuestras pol\u00edticas y c\u00f3mo protegemos tu informaci\u00f3n aqu\u00ed.\",\"breadcrumb\":{\"@id\":\"https:\/\/dev-merck-ml.digitasproject.com\/es\/terms-of-use\/#breadcrumb\"},\"inLanguage\":\"es\",\"potentialAction\":[{\"@type\":\"ReadAction\",\"target\":[\"https:\/\/dev-merck-ml.digitasproject.com\/es\/terms-of-use\/\"]}]},{\"@type\":\"BreadcrumbList\",\"@id\":\"https:\/\/dev-merck-ml.digitasproject.com\/es\/terms-of-use\/#breadcrumb\",\"itemListElement\":[{\"@type\":\"ListItem\",\"position\":1,\"name\":\"Home\",\"item\":\"https:\/\/dev-merck-ml.digitasproject.com\/es\/\"},{\"@type\":\"ListItem\",\"position\":2,\"name\":\"T\u00e9rminos de uso\"}]},{\"@type\":\"WebSite\",\"@id\":\"https:\/\/dev-merck-ml.digitasproject.com\/es\/#website\",\"url\":\"https:\/\/dev-merck-ml.digitasproject.com\/es\/\",\"name\":\"Thyroid Es\",\"description\":\"Otro sitio realizado con WordPress\",\"potentialAction\":[{\"@type\":\"SearchAction\",\"target\":{\"@type\":\"EntryPoint\",\"urlTemplate\":\"https:\/\/dev-merck-ml.digitasproject.com\/es\/?s={search_term_string}\"},\"query-input\":{\"@type\":\"PropertyValueSpecification\",\"valueRequired\":true,\"valueName\":\"search_term_string\"}}],\"inLanguage\":\"es\"}]}<\/script>\n<!-- \/ Yoast SEO plugin. -->","yoast_head_json":{"title":"T\u00e9rminos de uso Merck Mide Tu Tiroides","description":"T\u00e9rminos de uso de Mide Tu Tiroides: conoce nuestras pol\u00edticas y c\u00f3mo protegemos tu informaci\u00f3n aqu\u00ed.","robots":{"index":"index","follow":"follow","max-snippet":"max-snippet:-1","max-image-preview":"max-image-preview:large","max-video-preview":"max-video-preview:-1"},"canonical":"https:\/\/dev-merck-ml.digitasproject.com\/es\/terms-of-use\/","og_locale":"es_MX","og_type":"article","og_title":"T\u00e9rminos de uso Merck Mide Tu Tiroides","og_description":"T\u00e9rminos de uso de Mide Tu Tiroides: conoce nuestras pol\u00edticas y c\u00f3mo protegemos tu informaci\u00f3n aqu\u00ed.","og_url":"https:\/\/dev-merck-ml.digitasproject.com\/es\/terms-of-use\/","og_site_name":"Thyroid Es","article_modified_time":"2024-11-20T22:19:51+00:00","twitter_card":"summary_large_image","twitter_misc":{"Tiempo de lectura":"4 minutos"},"schema":{"@context":"https:\/\/schema.org","@graph":[{"@type":"WebPage","@id":"https:\/\/dev-merck-ml.digitasproject.com\/es\/terms-of-use\/","url":"https:\/\/dev-merck-ml.digitasproject.com\/es\/terms-of-use\/","name":"T\u00e9rminos de uso Merck Mide Tu Tiroides","isPartOf":{"@id":"https:\/\/dev-merck-ml.digitasproject.com\/es\/#website"},"datePublished":"2021-12-20T16:49:00+00:00","dateModified":"2024-11-20T22:19:51+00:00","description":"T\u00e9rminos de uso de Mide Tu Tiroides: conoce nuestras pol\u00edticas y c\u00f3mo protegemos tu informaci\u00f3n aqu\u00ed.","breadcrumb":{"@id":"https:\/\/dev-merck-ml.digitasproject.com\/es\/terms-of-use\/#breadcrumb"},"inLanguage":"es","potentialAction":[{"@type":"ReadAction","target":["https:\/\/dev-merck-ml.digitasproject.com\/es\/terms-of-use\/"]}]},{"@type":"BreadcrumbList","@id":"https:\/\/dev-merck-ml.digitasproject.com\/es\/terms-of-use\/#breadcrumb","itemListElement":[{"@type":"ListItem","position":1,"name":"Home","item":"https:\/\/dev-merck-ml.digitasproject.com\/es\/"},{"@type":"ListItem","position":2,"name":"T\u00e9rminos de uso"}]},{"@type":"WebSite","@id":"https:\/\/dev-merck-ml.digitasproject.com\/es\/#website","url":"https:\/\/dev-merck-ml.digitasproject.com\/es\/","name":"Thyroid Es","description":"Otro sitio realizado con WordPress","potentialAction":[{"@type":"SearchAction","target":{"@type":"EntryPoint","urlTemplate":"https:\/\/dev-merck-ml.digitasproject.com\/es\/?s={search_term_string}"},"query-input":{"@type":"PropertyValueSpecification","valueRequired":true,"valueName":"search_term_string"}}],"inLanguage":"es"}]}},"_links":{"self":[{"href":"https:\/\/dev-merck-ml.digitasproject.com\/es\/wp-json\/wp\/v2\/pages\/2","targetHints":{"allow":["GET"]}}],"collection":[{"href":"https:\/\/dev-merck-ml.digitasproject.com\/es\/wp-json\/wp\/v2\/pages"}],"about":[{"href":"https:\/\/dev-merck-ml.digitasproject.com\/es\/wp-json\/wp\/v2\/types\/page"}],"author":[{"embeddable":true,"href":"https:\/\/dev-merck-ml.digitasproject.com\/es\/wp-json\/wp\/v2\/users\/1"}],"replies":[{"embeddable":true,"href":"https:\/\/dev-merck-ml.digitasproject.com\/es\/wp-json\/wp\/v2\/comments?post=2"}],"version-history":[{"count":5,"href":"https:\/\/dev-merck-ml.digitasproject.com\/es\/wp-json\/wp\/v2\/pages\/2\/revisions"}],"predecessor-version":[{"id":879,"href":"https:\/\/dev-merck-ml.digitasproject.com\/es\/wp-json\/wp\/v2\/pages\/2\/revisions\/879"}],"wp:attachment":[{"href":"https:\/\/dev-merck-ml.digitasproject.com\/es\/wp-json\/wp\/v2\/media?parent=2"}],"curies":[{"name":"wp","href":"https:\/\/api.w.org\/{rel}","templated":true}]}}