{"id":266,"date":"2022-01-28T14:44:57","date_gmt":"2022-01-28T20:44:57","guid":{"rendered":"https:\/\/dev-merck-ml.digitasproject.com\/es\/?page_id=266"},"modified":"2024-11-20T16:28:34","modified_gmt":"2024-11-20T22:28:34","slug":"disclaimer","status":"publish","type":"page","link":"https:\/\/dev-merck-ml.digitasproject.com\/es\/disclaimer\/","title":{"rendered":"Descargo de Responsabilidad Legal"},"content":{"rendered":"\n<h2 class=\"wp-block-heading\"><strong><strong>Fecha de revisi\u00f3n: Febrero de 2022<\/strong><\/strong><\/h2>\n\n\n\n<p>Al leer este sitio web, recuerde que la informaci\u00f3n contenida en el mismo est\u00e1 pensada \u00fanicamente como referencia general. Como resultado de los continuos avances y desarrollos m\u00e9dicos, la informaci\u00f3n aqu\u00ed contenida puede no estar siempre completamente actualizada y, por esta raz\u00f3n, dicha informaci\u00f3n se proporciona \u201ctal cual\u201d y \u201cseg\u00fan disponibilidad\u201d.<\/p>\n\n\n\n<p>Este sitio web no debe usarse ni entenderse como un sustituto del asesoramiento de un profesional de la salud y no debe usarse para diagnosticar ning\u00fan problema de salud o enfermedad. Los pacientes deben consultar siempre a un m\u00e9dico u otro profesional de la salud para obtener asesoramiento m\u00e9dico o informaci\u00f3n sobre el diagn\u00f3stico y el tratamiento.<\/p>\n","protected":false},"excerpt":{"rendered":"<p>Fecha de revisi\u00f3n: Febrero de 2022 Al leer este sitio web, recuerde que la informaci\u00f3n contenida en el mismo est\u00e1 pensada \u00fanicamente como referencia general. Como resultado de los continuos avances y desarrollos m\u00e9dicos, la informaci\u00f3n aqu\u00ed contenida puede no estar siempre completamente actualizada y, por esta raz\u00f3n, dicha informaci\u00f3n se proporciona \u201ctal cual\u201d y [&hellip;]<\/p>\n","protected":false},"author":1,"featured_media":0,"parent":0,"menu_order":0,"comment_status":"closed","ping_status":"closed","template":"template-master-legales.php","meta":{"footnotes":""},"class_list":["post-266","page","type-page","status-publish","hentry"],"yoast_head":"<!-- This site is optimized with the Yoast SEO plugin v25.1 - https:\/\/yoast.com\/wordpress\/plugins\/seo\/ -->\n<title>Descargo de responsabilidad legal Mide Tu Tiroides<\/title>\n<meta name=\"description\" content=\"Descargo de responsabilidad legal de Mide Tu Tiroides: inf\u00f3rmate sobre el uso adecuado de nuestro contenido aqu\u00ed.\" \/>\n<meta name=\"robots\" content=\"index, follow, max-snippet:-1, max-image-preview:large, max-video-preview:-1\" \/>\n<link rel=\"canonical\" href=\"https:\/\/dev-merck-ml.digitasproject.com\/es\/disclaimer\/\" \/>\n<meta property=\"og:locale\" content=\"es_MX\" \/>\n<meta property=\"og:type\" content=\"article\" \/>\n<meta property=\"og:title\" content=\"Descargo de responsabilidad legal Mide Tu Tiroides\" \/>\n<meta property=\"og:description\" content=\"Descargo de responsabilidad legal de Mide Tu Tiroides: inf\u00f3rmate sobre el uso adecuado de nuestro contenido aqu\u00ed.\" \/>\n<meta property=\"og:url\" content=\"https:\/\/dev-merck-ml.digitasproject.com\/es\/disclaimer\/\" \/>\n<meta property=\"og:site_name\" content=\"Thyroid Es\" \/>\n<meta property=\"article:modified_time\" content=\"2024-11-20T22:28:34+00:00\" \/>\n<meta name=\"twitter:card\" content=\"summary_large_image\" \/>\n<meta name=\"twitter:label1\" content=\"Tiempo de lectura\" \/>\n\t<meta name=\"twitter:data1\" content=\"1 minuto\" \/>\n<script type=\"application\/ld+json\" class=\"yoast-schema-graph\">{\"@context\":\"https:\/\/schema.org\",\"@graph\":[{\"@type\":\"WebPage\",\"@id\":\"https:\/\/dev-merck-ml.digitasproject.com\/es\/disclaimer\/\",\"url\":\"https:\/\/dev-merck-ml.digitasproject.com\/es\/disclaimer\/\",\"name\":\"Descargo de responsabilidad legal Mide Tu Tiroides\",\"isPartOf\":{\"@id\":\"https:\/\/dev-merck-ml.digitasproject.com\/es\/#website\"},\"datePublished\":\"2022-01-28T20:44:57+00:00\",\"dateModified\":\"2024-11-20T22:28:34+00:00\",\"description\":\"Descargo de responsabilidad legal de Mide Tu Tiroides: inf\u00f3rmate sobre el uso adecuado de nuestro contenido aqu\u00ed.\",\"breadcrumb\":{\"@id\":\"https:\/\/dev-merck-ml.digitasproject.com\/es\/disclaimer\/#breadcrumb\"},\"inLanguage\":\"es\",\"potentialAction\":[{\"@type\":\"ReadAction\",\"target\":[\"https:\/\/dev-merck-ml.digitasproject.com\/es\/disclaimer\/\"]}]},{\"@type\":\"BreadcrumbList\",\"@id\":\"https:\/\/dev-merck-ml.digitasproject.com\/es\/disclaimer\/#breadcrumb\",\"itemListElement\":[{\"@type\":\"ListItem\",\"position\":1,\"name\":\"Home\",\"item\":\"https:\/\/dev-merck-ml.digitasproject.com\/es\/\"},{\"@type\":\"ListItem\",\"position\":2,\"name\":\"Descargo de Responsabilidad Legal\"}]},{\"@type\":\"WebSite\",\"@id\":\"https:\/\/dev-merck-ml.digitasproject.com\/es\/#website\",\"url\":\"https:\/\/dev-merck-ml.digitasproject.com\/es\/\",\"name\":\"Thyroid Es\",\"description\":\"Otro sitio realizado con WordPress\",\"potentialAction\":[{\"@type\":\"SearchAction\",\"target\":{\"@type\":\"EntryPoint\",\"urlTemplate\":\"https:\/\/dev-merck-ml.digitasproject.com\/es\/?s={search_term_string}\"},\"query-input\":{\"@type\":\"PropertyValueSpecification\",\"valueRequired\":true,\"valueName\":\"search_term_string\"}}],\"inLanguage\":\"es\"}]}<\/script>\n<!-- \/ Yoast SEO plugin. -->","yoast_head_json":{"title":"Descargo de responsabilidad legal Mide Tu Tiroides","description":"Descargo de responsabilidad legal de Mide Tu Tiroides: inf\u00f3rmate sobre el uso adecuado de nuestro contenido aqu\u00ed.","robots":{"index":"index","follow":"follow","max-snippet":"max-snippet:-1","max-image-preview":"max-image-preview:large","max-video-preview":"max-video-preview:-1"},"canonical":"https:\/\/dev-merck-ml.digitasproject.com\/es\/disclaimer\/","og_locale":"es_MX","og_type":"article","og_title":"Descargo de responsabilidad legal Mide Tu Tiroides","og_description":"Descargo de responsabilidad legal de Mide Tu Tiroides: inf\u00f3rmate sobre el uso adecuado de nuestro contenido aqu\u00ed.","og_url":"https:\/\/dev-merck-ml.digitasproject.com\/es\/disclaimer\/","og_site_name":"Thyroid Es","article_modified_time":"2024-11-20T22:28:34+00:00","twitter_card":"summary_large_image","twitter_misc":{"Tiempo de lectura":"1 minuto"},"schema":{"@context":"https:\/\/schema.org","@graph":[{"@type":"WebPage","@id":"https:\/\/dev-merck-ml.digitasproject.com\/es\/disclaimer\/","url":"https:\/\/dev-merck-ml.digitasproject.com\/es\/disclaimer\/","name":"Descargo de responsabilidad legal Mide Tu Tiroides","isPartOf":{"@id":"https:\/\/dev-merck-ml.digitasproject.com\/es\/#website"},"datePublished":"2022-01-28T20:44:57+00:00","dateModified":"2024-11-20T22:28:34+00:00","description":"Descargo de responsabilidad legal de Mide Tu Tiroides: inf\u00f3rmate sobre el uso adecuado de nuestro contenido aqu\u00ed.","breadcrumb":{"@id":"https:\/\/dev-merck-ml.digitasproject.com\/es\/disclaimer\/#breadcrumb"},"inLanguage":"es","potentialAction":[{"@type":"ReadAction","target":["https:\/\/dev-merck-ml.digitasproject.com\/es\/disclaimer\/"]}]},{"@type":"BreadcrumbList","@id":"https:\/\/dev-merck-ml.digitasproject.com\/es\/disclaimer\/#breadcrumb","itemListElement":[{"@type":"ListItem","position":1,"name":"Home","item":"https:\/\/dev-merck-ml.digitasproject.com\/es\/"},{"@type":"ListItem","position":2,"name":"Descargo de Responsabilidad Legal"}]},{"@type":"WebSite","@id":"https:\/\/dev-merck-ml.digitasproject.com\/es\/#website","url":"https:\/\/dev-merck-ml.digitasproject.com\/es\/","name":"Thyroid Es","description":"Otro sitio realizado con WordPress","potentialAction":[{"@type":"SearchAction","target":{"@type":"EntryPoint","urlTemplate":"https:\/\/dev-merck-ml.digitasproject.com\/es\/?s={search_term_string}"},"query-input":{"@type":"PropertyValueSpecification","valueRequired":true,"valueName":"search_term_string"}}],"inLanguage":"es"}]}},"_links":{"self":[{"href":"https:\/\/dev-merck-ml.digitasproject.com\/es\/wp-json\/wp\/v2\/pages\/266","targetHints":{"allow":["GET"]}}],"collection":[{"href":"https:\/\/dev-merck-ml.digitasproject.com\/es\/wp-json\/wp\/v2\/pages"}],"about":[{"href":"https:\/\/dev-merck-ml.digitasproject.com\/es\/wp-json\/wp\/v2\/types\/page"}],"author":[{"embeddable":true,"href":"https:\/\/dev-merck-ml.digitasproject.com\/es\/wp-json\/wp\/v2\/users\/1"}],"replies":[{"embeddable":true,"href":"https:\/\/dev-merck-ml.digitasproject.com\/es\/wp-json\/wp\/v2\/comments?post=266"}],"version-history":[{"count":3,"href":"https:\/\/dev-merck-ml.digitasproject.com\/es\/wp-json\/wp\/v2\/pages\/266\/revisions"}],"predecessor-version":[{"id":869,"href":"https:\/\/dev-merck-ml.digitasproject.com\/es\/wp-json\/wp\/v2\/pages\/266\/revisions\/869"}],"wp:attachment":[{"href":"https:\/\/dev-merck-ml.digitasproject.com\/es\/wp-json\/wp\/v2\/media?parent=266"}],"curies":[{"name":"wp","href":"https:\/\/api.w.org\/{rel}","templated":true}]}}