{"id":38,"date":"2022-01-17T16:20:53","date_gmt":"2022-01-17T16:20:53","guid":{"rendered":"https:\/\/dev-merck-ml.digitasproject.com\/es\/?page_id=38"},"modified":"2024-11-20T16:19:20","modified_gmt":"2024-11-20T22:19:20","slug":"home","status":"publish","type":"page","link":"https:\/\/dev-merck-ml.digitasproject.com\/es\/","title":{"rendered":"Home"},"content":{"rendered":"<section class=\"container-fluid banner\">\n      <section class=\"row\">\n       <section class=\"col-lg-6 left\">\n       <div style=\"fill:#2bf3f7ff;\">\n         <svg viewBox=\"0 0 200 200\" xmlns=\"http:\/\/www.w3.org\/2000\/svg\">\n           <path d=\"M44.9,-78.5C57.9,-70.2,68.1,-57.7,75.5,-43.9C82.8,-30.1,87.3,-15.1,88.4,0.6C89.5,16.3,87.2,32.7,80.2,47C73.2,61.4,61.5,73.9,47.4,81.3C33.2,88.8,16.6,91.2,0.8,89.8C-15,88.4,-30,83.2,-44.2,75.8C-58.4,68.4,-71.7,58.7,-79.2,45.7C-86.8,32.7,-88.6,16.4,-88.4,0.1C-88.2,-16.1,-86,-32.2,-79.2,-46.6C-72.5,-61,-61.2,-73.7,-47.2,-81.5C-33.3,-89.2,-16.6,-92,-0.4,-91.4C15.9,-90.8,31.8,-86.8,44.9,-78.5Z\" transform=\"translate(100 100)\"><\/path>\n         <\/svg>\n       <\/div>\n       <img decoding=\"async\" class=\"img-fluid d-block mx-auto img_general\" src=\"https:\/\/dev-merck-ml.digitasproject.com\/es\/wp-content\/uploads\/sites\/35\/2022\/01\/symptom-checker-illustration-1-1.webp\" alt=\"complete-our-short-symptom-checker-now-thyroid-image-front\">\n       <\/section>\n       <section class=\"col-lg-6 rigth\">\n         <h1>\u00bfCrees que tienes una alteraci\u00f3n de la <span style=\"color: #5704e8;\">tiroides<\/span>?<\/h1>\n\n         <p>\u00a1Desc\u00fabrelo aqu\u00ed!<\/p>\n         <a href=\"https:\/\/dev-merck-ml.digitasproject.com\/es\/symptom-checker\/\">\n           <button id=\"home-event-quiz\" class=\"btn position-relative d-flex justify-content-center align-items-center\" type=\"submit\">\n             \u00a1Haz el test!\n           <\/button>\n         <\/a>\n       <\/section>\n     <\/section>\n    <\/section>\n\n\n\t\t\t<section class=\"container-fluid subbanner\" style=\"background-color:#FE369C;\">\n\t\t\t\t<section class=\"row\">\n\t\t\t\t\t<section class=\"col-12 offset-lg-2 col-lg-4 d-flex justify-content-center align-items-start flex-column\">\n\t\t\t\t\t\t<p class=\"text1\">La gl\u00e1ndula <span style=\"color:#5700E6\">tiroides<\/span> es un \u00f3rgano en forma de mariposa situado en la base del cuello.<\/p>\n\t\t\t\t\t\t<p class=\"text2\">Es el <span style=\"color:#5700E6\">&#8220;controlador maestro&#8221;<\/span> del metabolismo<\/p>\n\t\t\t\t\t\t<a class=\"btn position-relative btn1\" style=\"background-color:#5700E6 ;color: #FFFFFF  ;\" href=\"https:\/\/dev-merck-ml.digitasproject.com\/es\/la-tiroides\/\">\n              Saber m\u00e1s\t\t\t\t\t\t\t<svg xmlns=\"http:\/\/www.w3.org\/2000\/svg\" viewBox=\"0 0 24 24\">\n\t\t\t\t\t\t\t  <g id=\"arrow\" transform=\"translate(-1150 -592)\">\n\t\t\t\t\t\t\t    <circle id=\"Ellipse_1\" data-name=\"Ellipse 1\" cx=\"12\" cy=\"12\" r=\"12\" transform=\"translate(1150 592)\" fill=\"#FFFFFF\"\/>\n\t\t\t\t\t\t\t    <g id=\"arrow-right\" transform=\"translate(11.5 -41.5)\">\n\t\t\t\t\t\t\t      <path id=\"Path_17\" data-name=\"Path 17\" d=\"M6.5.5l4,4-4,4\" transform=\"translate(1145 641)\" fill=\"none\" stroke=\"#5700E6\" stroke-linecap=\"round\" stroke-linejoin=\"round\" stroke-width=\"1\"\/>\n\t\t\t\t\t\t\t      <line id=\"Line_1\" data-name=\"Line 1\" x2=\"10\" transform=\"translate(1145.5 645.5)\" fill=\"none\" stroke=\"#5700E6\" stroke-linecap=\"round\" stroke-width=\"1\"\/>\n\t\t\t\t\t\t\t    <\/g>\n\t\t\t\t\t\t\t  <\/g>\n\t\t\t\t\t\t\t<\/svg>\n\t\t\t\t\t\t<\/a>\n\t\t\t\t\t\t<a class=\"btn position-relative btn2\" style=\"background-color:#FFFFFF ;color: #5700E6  ;\" href=\"https:\/\/dev-merck-ml.digitasproject.com\/es\/la-tiroides\/\">\n\t\t\t\t\t\t\tSaber m\u00e1s\t\t\t\t\t\t\t<svg xmlns=\"http:\/\/www.w3.org\/2000\/svg\" viewBox=\"0 0 24 24\">\n\t\t\t\t\t\t\t\t<g id=\"arrow\" transform=\"translate(-1150 -592)\">\n\t\t\t\t\t\t\t\t\t<circle id=\"Ellipse_1\" data-name=\"Ellipse 1\" cx=\"12\" cy=\"12\" r=\"12\" transform=\"translate(1150 592)\" fill=\"#5700E6\"\/>\n\t\t\t\t\t\t\t\t\t<g id=\"arrow-right\" transform=\"translate(11.5 -41.5)\">\n\t\t\t\t\t\t\t\t\t\t<path id=\"Path_17\" data-name=\"Path 17\" d=\"M6.5.5l4,4-4,4\" transform=\"translate(1145 641)\" fill=\"none\" stroke=\"#FFFFFF\" stroke-linecap=\"round\" stroke-linejoin=\"round\" stroke-width=\"1\"\/>\n\t\t\t\t\t\t\t\t\t\t<line id=\"Line_1\" data-name=\"Line 1\" x2=\"10\" transform=\"translate(1145.5 645.5)\" fill=\"none\" stroke=\"#FFFFFF\" stroke-linecap=\"round\" stroke-width=\"1\"\/>\n\t\t\t\t\t\t\t\t\t<\/g>\n\t\t\t\t\t\t\t\t<\/g>\n\t\t\t\t\t\t\t<\/svg>\n\t\t\t\t\t\t<\/a>\n\t\t\t\t\t<\/section>\n\t\t\t\t\t<section class=\"col-12 col-lg-6 d-flex justify-content-start align-items-center\">\n\t\t\t\t\t\t<img loading=\"lazy\" decoding=\"async\" class=\"img-fluid d-block rigth-image\" src=\"https:\/\/dev-merck-ml.digitasproject.com\/es\/wp-content\/uploads\/sites\/35\/2024\/11\/the-thyroid-illustration.webp\" alt=\"banner pleca home thyroid\" width=\"621\" height=\"420\">\n\t\t\t\t\t<\/section>\n\t\t\t\t<\/section>\n\t\t\t<\/section>\n\n\n                                    <div id=\"banner_carrusel_link\" class=\"owl-carousel owl-theme\">\r\n                                                                                <div class=\"item\">\r\n                                <a href=\"https:\/\/dev-merck-ml.digitasproject.com\/es\/symptom-checker\/\">\r\n                                    <img decoding=\"async\" class=\"img-fluid\" src=\"https:\/\/dev-merck-ml.digitasproject.com\/es\/wp-content\/uploads\/sites\/35\/2024\/11\/banner1.webp\" alt=\"Tu tiroides puede ser la pieza faltante.\">\r\n                                <\/a>\r\n                            <\/div>\r\n                                                                                <div class=\"item\">\r\n                                <a href=\"https:\/\/dev-merck-ml.digitasproject.com\/es\/health\/conecta-tu-salud-en-spotify\/\">\r\n                                    <img decoding=\"async\" class=\"img-fluid\" src=\"https:\/\/dev-merck-ml.digitasproject.com\/es\/wp-content\/uploads\/sites\/35\/2024\/11\/banner2.webp\" alt=\"\u00a1Todo sobre salud, m\u00e1s cerca de ti!\">\r\n                                <\/a>\r\n                            <\/div>\r\n                                                                                <div class=\"item\">\r\n                                <a href=\"https:\/\/dev-merck-ml.digitasproject.com\/es\/health\/conecta-tu-salud-en-spotify\/\">\r\n                                    <img decoding=\"async\" class=\"img-fluid\" src=\"https:\/\/dev-merck-ml.digitasproject.com\/es\/wp-content\/uploads\/sites\/35\/2024\/11\/banner3.webp\" alt=\"Escanea el c\u00f3digo y conectate.\">\r\n                                <\/a>\r\n                            <\/div>\r\n                                                                                <div class=\"item\">\r\n                                <a href=\"https:\/\/dev-merck-ml.digitasproject.com\/es\/la-tiroides\/\">\r\n                                    <img decoding=\"async\" class=\"img-fluid\" src=\"https:\/\/dev-merck-ml.digitasproject.com\/es\/wp-content\/uploads\/sites\/35\/2024\/11\/banner4.webp\" alt=\"Zoila tiroides\">\r\n                                <\/a>\r\n                            <\/div>\r\n                                                                                <div class=\"item\">\r\n                                <a href=\"https:\/\/dev-merck-ml.digitasproject.com\/es\/tu-salud\/\">\r\n                                    <img decoding=\"async\" class=\"img-fluid\" src=\"https:\/\/dev-merck-ml.digitasproject.com\/es\/wp-content\/uploads\/sites\/35\/2024\/11\/banner5.webp\" alt=\"Tu salud\">\r\n                                <\/a>\r\n                            <\/div>\r\n                                            <\/div>\r\n                                \n\n  <section class=\"container-fluid carousel-news\" style=\"margin-top:1.5em\">\r\n      <section class=\"row\">\r\n        <section class=\"col-12 offset-lg-2 col-lg-8\">\r\n          <section class=\"text-center\">\r\n            <p class=\"text1\">- \u00daLTIMOS ART\u00cdCULOS -<\/p>\r\n            <a class=\"d-none d-lg-flex justify-content-start align-items-center view\" href=\"\/es\/tu-salud\">\r\n              <p class=\"text2\">Ver todos<\/p>\r\n            <\/a>\r\n          <\/section>\r\n          <p class=\"text3\">Te presentamos las m\u00e1s recientes noticias y art\u00edculos especializados para estar al d\u00eda y cuidar tu salud<\/p>\r\n          <a class=\"d-flex d-lg-none justify-content-center align-items-center view\" href=\"\/es\/tu-salud\">\r\n            <p class=\"text2\">Ver todos<\/p>\r\n          <\/a>\r\n        <\/section>\r\n        <section class=\"col-12 offset-lg-2 col-lg-8\">\r\n          <section id=\"dos-columnas\" class=\"owl-carousel owl-theme owl-loaded owl-drag\">\r\n          <div class=\"  \"><div class=\"owl-stage\" style=\"transform: translate3d(0px, 0px, 0px); transition: all 0s ease 0s; width: 765px;\">\r\n          <!-- cards -->\r\n            \r\n      <div class=\"owl-item active\" style=\"width: 382.272px;\">\r\n        <section class=\"item\">\r\n          <div class=\"card\">\r\n            <div class=\"d-flex justify-content-center align-items-center type-art\" style=\"z-index:99999\">Tu Salud<\/div>\r\n            <img loading=\"lazy\" decoding=\"async\" width=\"610\" height=\"344\" src=\"https:\/\/dev-merck-ml.digitasproject.com\/es\/wp-content\/uploads\/sites\/35\/2025\/03\/Material_28_Nota-Web_Tiroides-y-adultos-mayores-610x344.png\" class=\"attachment-page-list size-page-list wp-post-image\" alt=\"Pareja de adultos se\u00f1alando hacia un dibujo de tiroides\" srcset=\"https:\/\/dev-merck-ml.digitasproject.com\/es\/wp-content\/uploads\/sites\/35\/2025\/03\/Material_28_Nota-Web_Tiroides-y-adultos-mayores-610x344.png 610w, https:\/\/dev-merck-ml.digitasproject.com\/es\/wp-content\/uploads\/sites\/35\/2025\/03\/Material_28_Nota-Web_Tiroides-y-adultos-mayores-300x169.png 300w, https:\/\/dev-merck-ml.digitasproject.com\/es\/wp-content\/uploads\/sites\/35\/2025\/03\/Material_28_Nota-Web_Tiroides-y-adultos-mayores-1024x576.png 1024w, https:\/\/dev-merck-ml.digitasproject.com\/es\/wp-content\/uploads\/sites\/35\/2025\/03\/Material_28_Nota-Web_Tiroides-y-adultos-mayores-768x432.png 768w, https:\/\/dev-merck-ml.digitasproject.com\/es\/wp-content\/uploads\/sites\/35\/2025\/03\/Material_28_Nota-Web_Tiroides-y-adultos-mayores-585x330.png 585w, https:\/\/dev-merck-ml.digitasproject.com\/es\/wp-content\/uploads\/sites\/35\/2025\/03\/Material_28_Nota-Web_Tiroides-y-adultos-mayores.png 1440w\" sizes=\"auto, (max-width: 610px) 100vw, 610px\" \/>\r\n            <div class=\"card-body\">\r\n              <h5 class=\"card-title\">Problemas tiroideos en adultos mayores<\/h5>\r\n              <p class=\"text-post-read\">Los trastornos tiroideos en adultos mayores pueden confundirse con el envejecimiento. Un diagn\u00f3stico temprano y tratamiento adecuado mejoran la calidad de vida...<\/p>\r\n              <section class=\"d-flex justify-content-between align-items-center\">\r\n                <p class=\"read-more-link\">\r\n                  <a href=\"https:\/\/dev-merck-ml.digitasproject.com\/es\/health\/problemas-tiroideos-en-adultos-mayores\/\" class=\"d-flex justify-content-start align-items-center\">Leer m\u00e1s<\/a>\r\n                <\/p>\r\n                <div class=\"type-art-two\">\r\n                <\/div>\r\n              <\/section>\r\n            <\/div>\r\n          <\/div>\r\n        <\/section>\r\n      <\/div>    \r\n      \r\n      <div class=\"owl-item active\" style=\"width: 382.272px;\">\r\n        <section class=\"item\">\r\n          <div class=\"card\">\r\n            <div class=\"d-flex justify-content-center align-items-center type-art\" style=\"z-index:99999\">La Tiroides<\/div>\r\n            <img loading=\"lazy\" decoding=\"async\" width=\"610\" height=\"344\" src=\"https:\/\/dev-merck-ml.digitasproject.com\/es\/wp-content\/uploads\/sites\/35\/2025\/03\/Material_27_Nota-Web_Desmotivacion-apatia-y-tristeza-610x344.png\" class=\"attachment-page-list size-page-list wp-post-image\" alt=\"Mujer sentada sosteniendo un espejo\" srcset=\"https:\/\/dev-merck-ml.digitasproject.com\/es\/wp-content\/uploads\/sites\/35\/2025\/03\/Material_27_Nota-Web_Desmotivacion-apatia-y-tristeza-610x344.png 610w, https:\/\/dev-merck-ml.digitasproject.com\/es\/wp-content\/uploads\/sites\/35\/2025\/03\/Material_27_Nota-Web_Desmotivacion-apatia-y-tristeza-300x169.png 300w, https:\/\/dev-merck-ml.digitasproject.com\/es\/wp-content\/uploads\/sites\/35\/2025\/03\/Material_27_Nota-Web_Desmotivacion-apatia-y-tristeza-1024x576.png 1024w, https:\/\/dev-merck-ml.digitasproject.com\/es\/wp-content\/uploads\/sites\/35\/2025\/03\/Material_27_Nota-Web_Desmotivacion-apatia-y-tristeza-768x432.png 768w, https:\/\/dev-merck-ml.digitasproject.com\/es\/wp-content\/uploads\/sites\/35\/2025\/03\/Material_27_Nota-Web_Desmotivacion-apatia-y-tristeza-585x330.png 585w, https:\/\/dev-merck-ml.digitasproject.com\/es\/wp-content\/uploads\/sites\/35\/2025\/03\/Material_27_Nota-Web_Desmotivacion-apatia-y-tristeza.png 1440w\" sizes=\"auto, (max-width: 610px) 100vw, 610px\" \/>\r\n            <div class=\"card-body\">\r\n              <h5 class=\"card-title\">Desmotivaci\u00f3n, apat\u00eda tristeza<\/h5>\r\n              <p class=\"text-post-read\">El hipotiroidismo puede causar desmotivaci\u00f3n y tristeza al afectar neurotransmisores clave. Un diagn\u00f3stico y tratamiento adecuados pueden mejorar el bienestar emocional...<\/p>\r\n              <section class=\"d-flex justify-content-between align-items-center\">\r\n                <p class=\"read-more-link\">\r\n                  <a href=\"https:\/\/dev-merck-ml.digitasproject.com\/es\/thyroid\/desmotivacion-apatia-tristeza\/\" class=\"d-flex justify-content-start align-items-center\">Leer m\u00e1s<\/a>\r\n                <\/p>\r\n                <div class=\"type-art-two\">\r\n                <\/div>\r\n              <\/section>\r\n            <\/div>\r\n          <\/div>\r\n        <\/section>\r\n      <\/div>    \r\n    \r\n          <\/div><\/div><div class=\"owl-nav disabled\"><button type=\"button\" role=\"presentation\" class=\"owl-prev\"><span aria-label=\"Previous\">\u2039<\/span><\/button><button type=\"button\" role=\"presentation\" class=\"owl-next\"><span aria-label=\"Next\">\u203a<\/span><\/button><\/div><div class=\"owl-dots disabled\"><\/div><\/section>\r\n        <\/section>\r\n      <\/section>\r\n    <\/section>                   \n\n\n        <section class=\"container-fluid sentence\">\n          <section class=\"row\">\n            <section class=\"col-12 d-flex justify-content-center align-items-center flex-column\">\n              <section class=\"d-flex justify-content-center align-items-center flex-column white-box\">\n                <span><\/span>\n                <p class=\"text1\">\u201cComo presidente de la Federaci\u00f3n Internacional de la Tiroides, los animo a pensar cuidadosamente si t\u00fa o alguien que conoces podr\u00eda estar sufriendo de un trastorno de la tiroides. Si sospechas que este sea el caso, acude a tu m\u00e9dico y pide que te examine a trav\u00e9s de un simple an\u00e1lisis de sangre. En manos de un profesional de la salud, los trastornos de la tiroides son muy tratables\u201d.<\/p>\n                <p class=\"text2\">\u2014 Ashok Bhaseen, presidente de la Federaci\u00f3n Internacional de la Tiroides<\/p>\n              <\/section>\n            <\/section>\n          <\/section>\n        <\/section>\n\n\n      <section class=\"container-fluid piedepagina\">\n        <section class=\"row\">\n          <section class=\"col-12\">\n            <p class=\"text1\">RL-NONE-00001<br> <span>\u00daltima revisi\u00f3n LATAM: Abril 2022<\/span><\/p> \n          <\/section>\n        <\/section>\n      <\/section>\n","protected":false},"excerpt":{"rendered":"","protected":false},"author":1,"featured_media":0,"parent":0,"menu_order":0,"comment_status":"closed","ping_status":"closed","template":"","meta":{"footnotes":""},"class_list":["post-38","page","type-page","status-publish","hentry"],"yoast_head":"<!-- This site is optimized with the Yoast SEO plugin v25.1 - https:\/\/yoast.com\/wordpress\/plugins\/seo\/ -->\n<title>Tiroides<\/title>\n<meta name=\"description\" content=\"\u00bfTienes s\u00edntomas de alteraci\u00f3n en la tiroides? Descubre m\u00e1s sobre tu salud tiroidea y haz el test aqu\u00ed.\" \/>\n<meta name=\"robots\" content=\"index, follow, max-snippet:-1, max-image-preview:large, max-video-preview:-1\" \/>\n<link rel=\"canonical\" href=\"https:\/\/dev-merck-ml.digitasproject.com\/es\/\" \/>\n<meta property=\"og:locale\" content=\"es_MX\" \/>\n<meta property=\"og:type\" content=\"article\" \/>\n<meta property=\"og:title\" content=\"home\" \/>\n<meta property=\"og:description\" content=\"La gl\u00e1ndula tiroides es un \u00f3rgano en forma de mariposa situado en la base del cuello.\" \/>\n<meta property=\"og:url\" content=\"https:\/\/dev-merck-ml.digitasproject.com\/es\/\" \/>\n<meta property=\"og:site_name\" content=\"Thyroid Es\" \/>\n<meta property=\"article:modified_time\" content=\"2024-11-20T22:19:20+00:00\" \/>\n<meta property=\"og:image\" content=\"https:\/\/dev-merck-ml.digitasproject.com\/es\/wp-content\/uploads\/sites\/35\/2022\/01\/symptom-checker-illustration-1.png\" \/>\n\t<meta property=\"og:image:width\" content=\"1024\" \/>\n\t<meta property=\"og:image:height\" content=\"789\" \/>\n\t<meta property=\"og:image:type\" content=\"image\/png\" \/>\n<meta name=\"twitter:card\" content=\"summary_large_image\" \/>\n<meta name=\"twitter:title\" content=\"home\" \/>\n<meta name=\"twitter:description\" content=\"La gl\u00e1ndula tiroides es un \u00f3rgano en forma de mariposa situado en la base del cuello.\" \/>\n<meta name=\"twitter:image\" content=\"https:\/\/dev-merck-ml.digitasproject.com\/es\/wp-content\/uploads\/sites\/35\/2022\/01\/symptom-checker-illustration-1.png\" \/>\n<meta name=\"twitter:label1\" content=\"Tiempo de lectura\" \/>\n\t<meta name=\"twitter:data1\" content=\"1 minuto\" \/>\n<script type=\"application\/ld+json\" class=\"yoast-schema-graph\">{\"@context\":\"https:\/\/schema.org\",\"@graph\":[{\"@type\":\"WebPage\",\"@id\":\"https:\/\/dev-merck-ml.digitasproject.com\/es\/\",\"url\":\"https:\/\/dev-merck-ml.digitasproject.com\/es\/\",\"name\":\"Tiroides\",\"isPartOf\":{\"@id\":\"https:\/\/dev-merck-ml.digitasproject.com\/es\/#website\"},\"datePublished\":\"2022-01-17T16:20:53+00:00\",\"dateModified\":\"2024-11-20T22:19:20+00:00\",\"description\":\"\u00bfTienes s\u00edntomas de alteraci\u00f3n en la tiroides? Descubre m\u00e1s sobre tu salud tiroidea y haz el test aqu\u00ed.\",\"breadcrumb\":{\"@id\":\"https:\/\/dev-merck-ml.digitasproject.com\/es\/#breadcrumb\"},\"inLanguage\":\"es\",\"potentialAction\":[{\"@type\":\"ReadAction\",\"target\":[\"https:\/\/dev-merck-ml.digitasproject.com\/es\/\"]}]},{\"@type\":\"BreadcrumbList\",\"@id\":\"https:\/\/dev-merck-ml.digitasproject.com\/es\/#breadcrumb\",\"itemListElement\":[{\"@type\":\"ListItem\",\"position\":1,\"name\":\"Home\",\"item\":\"https:\/\/dev-merck-ml.digitasproject.com\/es\/\"},{\"@type\":\"ListItem\",\"position\":2,\"name\":\"Home\"}]},{\"@type\":\"WebSite\",\"@id\":\"https:\/\/dev-merck-ml.digitasproject.com\/es\/#website\",\"url\":\"https:\/\/dev-merck-ml.digitasproject.com\/es\/\",\"name\":\"Thyroid Es\",\"description\":\"Otro sitio realizado con WordPress\",\"potentialAction\":[{\"@type\":\"SearchAction\",\"target\":{\"@type\":\"EntryPoint\",\"urlTemplate\":\"https:\/\/dev-merck-ml.digitasproject.com\/es\/?s={search_term_string}\"},\"query-input\":{\"@type\":\"PropertyValueSpecification\",\"valueRequired\":true,\"valueName\":\"search_term_string\"}}],\"inLanguage\":\"es\"}]}<\/script>\n<!-- \/ Yoast SEO plugin. -->","yoast_head_json":{"title":"Tiroides","description":"\u00bfTienes s\u00edntomas de alteraci\u00f3n en la tiroides? Descubre m\u00e1s sobre tu salud tiroidea y haz el test aqu\u00ed.","robots":{"index":"index","follow":"follow","max-snippet":"max-snippet:-1","max-image-preview":"max-image-preview:large","max-video-preview":"max-video-preview:-1"},"canonical":"https:\/\/dev-merck-ml.digitasproject.com\/es\/","og_locale":"es_MX","og_type":"article","og_title":"home","og_description":"La gl\u00e1ndula tiroides es un \u00f3rgano en forma de mariposa situado en la base del cuello.","og_url":"https:\/\/dev-merck-ml.digitasproject.com\/es\/","og_site_name":"Thyroid Es","article_modified_time":"2024-11-20T22:19:20+00:00","og_image":[{"width":1024,"height":789,"url":"https:\/\/dev-merck-ml.digitasproject.com\/es\/wp-content\/uploads\/sites\/35\/2022\/01\/symptom-checker-illustration-1.png","type":"image\/png"}],"twitter_card":"summary_large_image","twitter_title":"home","twitter_description":"La gl\u00e1ndula tiroides es un \u00f3rgano en forma de mariposa situado en la base del cuello.","twitter_image":"https:\/\/dev-merck-ml.digitasproject.com\/es\/wp-content\/uploads\/sites\/35\/2022\/01\/symptom-checker-illustration-1.png","twitter_misc":{"Tiempo de lectura":"1 minuto"},"schema":{"@context":"https:\/\/schema.org","@graph":[{"@type":"WebPage","@id":"https:\/\/dev-merck-ml.digitasproject.com\/es\/","url":"https:\/\/dev-merck-ml.digitasproject.com\/es\/","name":"Tiroides","isPartOf":{"@id":"https:\/\/dev-merck-ml.digitasproject.com\/es\/#website"},"datePublished":"2022-01-17T16:20:53+00:00","dateModified":"2024-11-20T22:19:20+00:00","description":"\u00bfTienes s\u00edntomas de alteraci\u00f3n en la tiroides? Descubre m\u00e1s sobre tu salud tiroidea y haz el test aqu\u00ed.","breadcrumb":{"@id":"https:\/\/dev-merck-ml.digitasproject.com\/es\/#breadcrumb"},"inLanguage":"es","potentialAction":[{"@type":"ReadAction","target":["https:\/\/dev-merck-ml.digitasproject.com\/es\/"]}]},{"@type":"BreadcrumbList","@id":"https:\/\/dev-merck-ml.digitasproject.com\/es\/#breadcrumb","itemListElement":[{"@type":"ListItem","position":1,"name":"Home","item":"https:\/\/dev-merck-ml.digitasproject.com\/es\/"},{"@type":"ListItem","position":2,"name":"Home"}]},{"@type":"WebSite","@id":"https:\/\/dev-merck-ml.digitasproject.com\/es\/#website","url":"https:\/\/dev-merck-ml.digitasproject.com\/es\/","name":"Thyroid Es","description":"Otro sitio realizado con WordPress","potentialAction":[{"@type":"SearchAction","target":{"@type":"EntryPoint","urlTemplate":"https:\/\/dev-merck-ml.digitasproject.com\/es\/?s={search_term_string}"},"query-input":{"@type":"PropertyValueSpecification","valueRequired":true,"valueName":"search_term_string"}}],"inLanguage":"es"}]}},"_links":{"self":[{"href":"https:\/\/dev-merck-ml.digitasproject.com\/es\/wp-json\/wp\/v2\/pages\/38","targetHints":{"allow":["GET"]}}],"collection":[{"href":"https:\/\/dev-merck-ml.digitasproject.com\/es\/wp-json\/wp\/v2\/pages"}],"about":[{"href":"https:\/\/dev-merck-ml.digitasproject.com\/es\/wp-json\/wp\/v2\/types\/page"}],"author":[{"embeddable":true,"href":"https:\/\/dev-merck-ml.digitasproject.com\/es\/wp-json\/wp\/v2\/users\/1"}],"replies":[{"embeddable":true,"href":"https:\/\/dev-merck-ml.digitasproject.com\/es\/wp-json\/wp\/v2\/comments?post=38"}],"version-history":[{"count":63,"href":"https:\/\/dev-merck-ml.digitasproject.com\/es\/wp-json\/wp\/v2\/pages\/38\/revisions"}],"predecessor-version":[{"id":1038,"href":"https:\/\/dev-merck-ml.digitasproject.com\/es\/wp-json\/wp\/v2\/pages\/38\/revisions\/1038"}],"wp:attachment":[{"href":"https:\/\/dev-merck-ml.digitasproject.com\/es\/wp-json\/wp\/v2\/media?parent=38"}],"curies":[{"name":"wp","href":"https:\/\/api.w.org\/{rel}","templated":true}]}}