{"id":42,"date":"2022-01-17T16:21:43","date_gmt":"2022-01-17T16:21:43","guid":{"rendered":"https:\/\/dev-merck-ml.digitasproject.com\/es\/?page_id=42"},"modified":"2024-11-20T16:31:38","modified_gmt":"2024-11-20T22:31:38","slug":"tu-salud","status":"publish","type":"page","link":"https:\/\/dev-merck-ml.digitasproject.com\/es\/tu-salud\/","title":{"rendered":"Tu Salud"},"content":{"rendered":"\n<h1 class=\"wp-block-heading\">Tu <span style=\"color:#8416ae\" class=\"has-inline-color\">Salud<\/span><\/h1>\n\n\n\n<p>La gl\u00e1ndula tiroides es un \u00f3rgano peque\u00f1o, pero con un gran impacto.<\/p>\n","protected":false},"excerpt":{"rendered":"<p>Tu Salud La gl\u00e1ndula tiroides es un \u00f3rgano peque\u00f1o, pero con un gran impacto.<\/p>\n","protected":false},"author":1,"featured_media":0,"parent":0,"menu_order":0,"comment_status":"closed","ping_status":"closed","template":"template-page-health.php","meta":{"footnotes":""},"class_list":["post-42","page","type-page","status-publish","hentry"],"yoast_head":"<!-- This site is optimized with the Yoast SEO plugin v25.1 - https:\/\/yoast.com\/wordpress\/plugins\/seo\/ -->\n<title>Tu Salud en Tiroides<\/title>\n<meta name=\"description\" content=\"Tu Salud: explora nuestras notas sobre el impacto de la tiroides en tu bienestar.\" \/>\n<meta name=\"robots\" content=\"index, follow, max-snippet:-1, max-image-preview:large, max-video-preview:-1\" \/>\n<link rel=\"canonical\" href=\"https:\/\/dev-merck-ml.digitasproject.com\/es\/tu-salud\/\" \/>\n<meta property=\"og:locale\" content=\"es_MX\" \/>\n<meta property=\"og:type\" content=\"article\" \/>\n<meta property=\"og:title\" content=\"Tu Salud en Tiroides\" \/>\n<meta property=\"og:description\" content=\"Tu Salud: explora nuestras notas sobre el impacto de la tiroides en tu bienestar.\" \/>\n<meta property=\"og:url\" content=\"https:\/\/dev-merck-ml.digitasproject.com\/es\/tu-salud\/\" \/>\n<meta property=\"og:site_name\" content=\"Thyroid Es\" \/>\n<meta property=\"article:modified_time\" content=\"2024-11-20T22:31:38+00:00\" \/>\n<meta name=\"twitter:card\" content=\"summary_large_image\" \/>\n<meta name=\"twitter:label1\" content=\"Tiempo de lectura\" \/>\n\t<meta name=\"twitter:data1\" content=\"1 minuto\" \/>\n<script type=\"application\/ld+json\" class=\"yoast-schema-graph\">{\"@context\":\"https:\/\/schema.org\",\"@graph\":[{\"@type\":\"WebPage\",\"@id\":\"https:\/\/dev-merck-ml.digitasproject.com\/es\/tu-salud\/\",\"url\":\"https:\/\/dev-merck-ml.digitasproject.com\/es\/tu-salud\/\",\"name\":\"Tu Salud en Tiroides\",\"isPartOf\":{\"@id\":\"https:\/\/dev-merck-ml.digitasproject.com\/es\/#website\"},\"datePublished\":\"2022-01-17T16:21:43+00:00\",\"dateModified\":\"2024-11-20T22:31:38+00:00\",\"description\":\"Tu Salud: explora nuestras notas sobre el impacto de la tiroides en tu bienestar.\",\"breadcrumb\":{\"@id\":\"https:\/\/dev-merck-ml.digitasproject.com\/es\/tu-salud\/#breadcrumb\"},\"inLanguage\":\"es\",\"potentialAction\":[{\"@type\":\"ReadAction\",\"target\":[\"https:\/\/dev-merck-ml.digitasproject.com\/es\/tu-salud\/\"]}]},{\"@type\":\"BreadcrumbList\",\"@id\":\"https:\/\/dev-merck-ml.digitasproject.com\/es\/tu-salud\/#breadcrumb\",\"itemListElement\":[{\"@type\":\"ListItem\",\"position\":1,\"name\":\"Home\",\"item\":\"https:\/\/dev-merck-ml.digitasproject.com\/es\/\"},{\"@type\":\"ListItem\",\"position\":2,\"name\":\"Tu Salud\"}]},{\"@type\":\"WebSite\",\"@id\":\"https:\/\/dev-merck-ml.digitasproject.com\/es\/#website\",\"url\":\"https:\/\/dev-merck-ml.digitasproject.com\/es\/\",\"name\":\"Thyroid Es\",\"description\":\"Otro sitio realizado con WordPress\",\"potentialAction\":[{\"@type\":\"SearchAction\",\"target\":{\"@type\":\"EntryPoint\",\"urlTemplate\":\"https:\/\/dev-merck-ml.digitasproject.com\/es\/?s={search_term_string}\"},\"query-input\":{\"@type\":\"PropertyValueSpecification\",\"valueRequired\":true,\"valueName\":\"search_term_string\"}}],\"inLanguage\":\"es\"}]}<\/script>\n<!-- \/ Yoast SEO plugin. -->","yoast_head_json":{"title":"Tu Salud en Tiroides","description":"Tu Salud: explora nuestras notas sobre el impacto de la tiroides en tu bienestar.","robots":{"index":"index","follow":"follow","max-snippet":"max-snippet:-1","max-image-preview":"max-image-preview:large","max-video-preview":"max-video-preview:-1"},"canonical":"https:\/\/dev-merck-ml.digitasproject.com\/es\/tu-salud\/","og_locale":"es_MX","og_type":"article","og_title":"Tu Salud en Tiroides","og_description":"Tu Salud: explora nuestras notas sobre el impacto de la tiroides en tu bienestar.","og_url":"https:\/\/dev-merck-ml.digitasproject.com\/es\/tu-salud\/","og_site_name":"Thyroid Es","article_modified_time":"2024-11-20T22:31:38+00:00","twitter_card":"summary_large_image","twitter_misc":{"Tiempo de lectura":"1 minuto"},"schema":{"@context":"https:\/\/schema.org","@graph":[{"@type":"WebPage","@id":"https:\/\/dev-merck-ml.digitasproject.com\/es\/tu-salud\/","url":"https:\/\/dev-merck-ml.digitasproject.com\/es\/tu-salud\/","name":"Tu Salud en Tiroides","isPartOf":{"@id":"https:\/\/dev-merck-ml.digitasproject.com\/es\/#website"},"datePublished":"2022-01-17T16:21:43+00:00","dateModified":"2024-11-20T22:31:38+00:00","description":"Tu Salud: explora nuestras notas sobre el impacto de la tiroides en tu bienestar.","breadcrumb":{"@id":"https:\/\/dev-merck-ml.digitasproject.com\/es\/tu-salud\/#breadcrumb"},"inLanguage":"es","potentialAction":[{"@type":"ReadAction","target":["https:\/\/dev-merck-ml.digitasproject.com\/es\/tu-salud\/"]}]},{"@type":"BreadcrumbList","@id":"https:\/\/dev-merck-ml.digitasproject.com\/es\/tu-salud\/#breadcrumb","itemListElement":[{"@type":"ListItem","position":1,"name":"Home","item":"https:\/\/dev-merck-ml.digitasproject.com\/es\/"},{"@type":"ListItem","position":2,"name":"Tu Salud"}]},{"@type":"WebSite","@id":"https:\/\/dev-merck-ml.digitasproject.com\/es\/#website","url":"https:\/\/dev-merck-ml.digitasproject.com\/es\/","name":"Thyroid Es","description":"Otro sitio realizado con WordPress","potentialAction":[{"@type":"SearchAction","target":{"@type":"EntryPoint","urlTemplate":"https:\/\/dev-merck-ml.digitasproject.com\/es\/?s={search_term_string}"},"query-input":{"@type":"PropertyValueSpecification","valueRequired":true,"valueName":"search_term_string"}}],"inLanguage":"es"}]}},"_links":{"self":[{"href":"https:\/\/dev-merck-ml.digitasproject.com\/es\/wp-json\/wp\/v2\/pages\/42","targetHints":{"allow":["GET"]}}],"collection":[{"href":"https:\/\/dev-merck-ml.digitasproject.com\/es\/wp-json\/wp\/v2\/pages"}],"about":[{"href":"https:\/\/dev-merck-ml.digitasproject.com\/es\/wp-json\/wp\/v2\/types\/page"}],"author":[{"embeddable":true,"href":"https:\/\/dev-merck-ml.digitasproject.com\/es\/wp-json\/wp\/v2\/users\/1"}],"replies":[{"embeddable":true,"href":"https:\/\/dev-merck-ml.digitasproject.com\/es\/wp-json\/wp\/v2\/comments?post=42"}],"version-history":[{"count":10,"href":"https:\/\/dev-merck-ml.digitasproject.com\/es\/wp-json\/wp\/v2\/pages\/42\/revisions"}],"predecessor-version":[{"id":828,"href":"https:\/\/dev-merck-ml.digitasproject.com\/es\/wp-json\/wp\/v2\/pages\/42\/revisions\/828"}],"wp:attachment":[{"href":"https:\/\/dev-merck-ml.digitasproject.com\/es\/wp-json\/wp\/v2\/media?parent=42"}],"curies":[{"name":"wp","href":"https:\/\/api.w.org\/{rel}","templated":true}]}}