{"id":50,"date":"2022-01-17T16:22:30","date_gmt":"2022-01-17T16:22:30","guid":{"rendered":"https:\/\/dev-merck-ml.digitasproject.com\/pt\/?page_id=50"},"modified":"2024-04-23T18:58:40","modified_gmt":"2024-04-23T17:58:40","slug":"noticias","status":"publish","type":"page","link":"https:\/\/dev-merck-ml.digitasproject.com\/pt\/noticias\/","title":{"rendered":"Not\u00edcias"},"content":{"rendered":"\n<h1 class=\"wp-block-heading\"><mark style=\"background-color:rgba(0, 0, 0, 0);color:#8416ae\" class=\"has-inline-color\">Not\u00edcias<\/mark><\/h1>\n\n\n\n<p>Veja not\u00edcias que podem te ajudar a cuidar melhor da sua tiroide<\/p>\n","protected":false},"excerpt":{"rendered":"<p>Not\u00edcias Veja not\u00edcias que podem te ajudar a cuidar melhor da sua tiroide<\/p>\n","protected":false},"author":1,"featured_media":0,"parent":0,"menu_order":0,"comment_status":"closed","ping_status":"closed","template":"template-page-lates-news.php","meta":{"footnotes":""},"class_list":["post-50","page","type-page","status-publish","hentry"],"yoast_head":"<!-- This site is optimized with the Yoast SEO plugin v25.1 - https:\/\/yoast.com\/wordpress\/plugins\/seo\/ -->\n<title>Not\u00edcias - Thyroid Pt<\/title>\n<meta name=\"robots\" content=\"index, follow, max-snippet:-1, max-image-preview:large, max-video-preview:-1\" \/>\n<link rel=\"canonical\" href=\"https:\/\/dev-merck-ml.digitasproject.com\/pt\/noticias\/\" \/>\n<meta property=\"og:locale\" content=\"pt_PT\" \/>\n<meta property=\"og:type\" content=\"article\" \/>\n<meta property=\"og:title\" content=\"Not\u00edcias - Thyroid Pt\" \/>\n<meta property=\"og:description\" content=\"Not\u00edcias Veja not\u00edcias que podem te ajudar a cuidar melhor da sua tiroide\" \/>\n<meta property=\"og:url\" content=\"https:\/\/dev-merck-ml.digitasproject.com\/pt\/noticias\/\" \/>\n<meta property=\"og:site_name\" content=\"Thyroid Pt\" \/>\n<meta property=\"article:modified_time\" content=\"2024-04-23T17:58:40+00:00\" \/>\n<meta name=\"twitter:card\" content=\"summary_large_image\" \/>\n<meta name=\"twitter:label1\" content=\"Tempo estimado de leitura\" \/>\n\t<meta name=\"twitter:data1\" content=\"1 minuto\" \/>\n<script type=\"application\/ld+json\" class=\"yoast-schema-graph\">{\"@context\":\"https:\/\/schema.org\",\"@graph\":[{\"@type\":\"WebPage\",\"@id\":\"https:\/\/dev-merck-ml.digitasproject.com\/pt\/noticias\/\",\"url\":\"https:\/\/dev-merck-ml.digitasproject.com\/pt\/noticias\/\",\"name\":\"Not\u00edcias - Thyroid Pt\",\"isPartOf\":{\"@id\":\"https:\/\/dev-merck-ml.digitasproject.com\/pt\/#website\"},\"datePublished\":\"2022-01-17T16:22:30+00:00\",\"dateModified\":\"2024-04-23T17:58:40+00:00\",\"breadcrumb\":{\"@id\":\"https:\/\/dev-merck-ml.digitasproject.com\/pt\/noticias\/#breadcrumb\"},\"inLanguage\":\"pt-PT\",\"potentialAction\":[{\"@type\":\"ReadAction\",\"target\":[\"https:\/\/dev-merck-ml.digitasproject.com\/pt\/noticias\/\"]}]},{\"@type\":\"BreadcrumbList\",\"@id\":\"https:\/\/dev-merck-ml.digitasproject.com\/pt\/noticias\/#breadcrumb\",\"itemListElement\":[{\"@type\":\"ListItem\",\"position\":1,\"name\":\"Home\",\"item\":\"https:\/\/dev-merck-ml.digitasproject.com\/pt\/\"},{\"@type\":\"ListItem\",\"position\":2,\"name\":\"Not\u00edcias\"}]},{\"@type\":\"WebSite\",\"@id\":\"https:\/\/dev-merck-ml.digitasproject.com\/pt\/#website\",\"url\":\"https:\/\/dev-merck-ml.digitasproject.com\/pt\/\",\"name\":\"Thyroid Pt\",\"description\":\"Otro sitio realizado con WordPress\",\"potentialAction\":[{\"@type\":\"SearchAction\",\"target\":{\"@type\":\"EntryPoint\",\"urlTemplate\":\"https:\/\/dev-merck-ml.digitasproject.com\/pt\/?s={search_term_string}\"},\"query-input\":{\"@type\":\"PropertyValueSpecification\",\"valueRequired\":true,\"valueName\":\"search_term_string\"}}],\"inLanguage\":\"pt-PT\"}]}<\/script>\n<!-- \/ Yoast SEO plugin. -->","yoast_head_json":{"title":"Not\u00edcias - Thyroid Pt","robots":{"index":"index","follow":"follow","max-snippet":"max-snippet:-1","max-image-preview":"max-image-preview:large","max-video-preview":"max-video-preview:-1"},"canonical":"https:\/\/dev-merck-ml.digitasproject.com\/pt\/noticias\/","og_locale":"pt_PT","og_type":"article","og_title":"Not\u00edcias - Thyroid Pt","og_description":"Not\u00edcias Veja not\u00edcias que podem te ajudar a cuidar melhor da sua tiroide","og_url":"https:\/\/dev-merck-ml.digitasproject.com\/pt\/noticias\/","og_site_name":"Thyroid Pt","article_modified_time":"2024-04-23T17:58:40+00:00","twitter_card":"summary_large_image","twitter_misc":{"Tempo estimado de leitura":"1 minuto"},"schema":{"@context":"https:\/\/schema.org","@graph":[{"@type":"WebPage","@id":"https:\/\/dev-merck-ml.digitasproject.com\/pt\/noticias\/","url":"https:\/\/dev-merck-ml.digitasproject.com\/pt\/noticias\/","name":"Not\u00edcias - Thyroid Pt","isPartOf":{"@id":"https:\/\/dev-merck-ml.digitasproject.com\/pt\/#website"},"datePublished":"2022-01-17T16:22:30+00:00","dateModified":"2024-04-23T17:58:40+00:00","breadcrumb":{"@id":"https:\/\/dev-merck-ml.digitasproject.com\/pt\/noticias\/#breadcrumb"},"inLanguage":"pt-PT","potentialAction":[{"@type":"ReadAction","target":["https:\/\/dev-merck-ml.digitasproject.com\/pt\/noticias\/"]}]},{"@type":"BreadcrumbList","@id":"https:\/\/dev-merck-ml.digitasproject.com\/pt\/noticias\/#breadcrumb","itemListElement":[{"@type":"ListItem","position":1,"name":"Home","item":"https:\/\/dev-merck-ml.digitasproject.com\/pt\/"},{"@type":"ListItem","position":2,"name":"Not\u00edcias"}]},{"@type":"WebSite","@id":"https:\/\/dev-merck-ml.digitasproject.com\/pt\/#website","url":"https:\/\/dev-merck-ml.digitasproject.com\/pt\/","name":"Thyroid Pt","description":"Otro sitio realizado con WordPress","potentialAction":[{"@type":"SearchAction","target":{"@type":"EntryPoint","urlTemplate":"https:\/\/dev-merck-ml.digitasproject.com\/pt\/?s={search_term_string}"},"query-input":{"@type":"PropertyValueSpecification","valueRequired":true,"valueName":"search_term_string"}}],"inLanguage":"pt-PT"}]}},"_links":{"self":[{"href":"https:\/\/dev-merck-ml.digitasproject.com\/pt\/wp-json\/wp\/v2\/pages\/50","targetHints":{"allow":["GET"]}}],"collection":[{"href":"https:\/\/dev-merck-ml.digitasproject.com\/pt\/wp-json\/wp\/v2\/pages"}],"about":[{"href":"https:\/\/dev-merck-ml.digitasproject.com\/pt\/wp-json\/wp\/v2\/types\/page"}],"author":[{"embeddable":true,"href":"https:\/\/dev-merck-ml.digitasproject.com\/pt\/wp-json\/wp\/v2\/users\/1"}],"replies":[{"embeddable":true,"href":"https:\/\/dev-merck-ml.digitasproject.com\/pt\/wp-json\/wp\/v2\/comments?post=50"}],"version-history":[{"count":7,"href":"https:\/\/dev-merck-ml.digitasproject.com\/pt\/wp-json\/wp\/v2\/pages\/50\/revisions"}],"predecessor-version":[{"id":1214,"href":"https:\/\/dev-merck-ml.digitasproject.com\/pt\/wp-json\/wp\/v2\/pages\/50\/revisions\/1214"}],"wp:attachment":[{"href":"https:\/\/dev-merck-ml.digitasproject.com\/pt\/wp-json\/wp\/v2\/media?parent=50"}],"curies":[{"name":"wp","href":"https:\/\/api.w.org\/{rel}","templated":true}]}}